{"id":2241,"date":"2017-07-11T21:22:04","date_gmt":"2017-07-11T19:22:04","guid":{"rendered":"http:\/\/espacefunerairearca.com\/?page_id=2241"},"modified":"2017-07-11T21:22:04","modified_gmt":"2017-07-11T19:22:04","slug":"cercueils-arca-2","status":"publish","type":"page","link":"https:\/\/espacefunerairearca.com\/index.php\/cercueils-arca-2\/","title":{"rendered":"Cercueils ARCA"},"content":{"rendered":"<p>[vc_row full_width=\u00a0\u00bbstretch_row_content_no_spaces\u00a0\u00bb el_id=\u00a0\u00bbbarre-or\u00a0\u00bb][vc_column][\/vc_column][\/vc_row][vc_row][vc_column][vc_empty_space height=\u00a0\u00bb72px\u00a0\u00bb][vc_custom_heading text=\u00a0\u00bb18 mod\u00e8les de cercueils propos\u00e9s \u00e0 la vente\u00a0\u00bb font_container=\u00a0\u00bbtag:h3|text_align:left\u00a0\u00bb use_theme_fonts=\u00a0\u00bbyes\u00a0\u00bb][vc_empty_space][trx_image url=\u00a0\u00bb2242&Prime;][\/vc_column][\/vc_row][vc_row][vc_column][vc_empty_space height=\u00a0\u00bb72px\u00a0\u00bb][\/vc_column][\/vc_row][vc_row][vc_column][vc_column_text]<\/p>\n<h4>Visite virtuelle de la boutique de l&rsquo;espace fun\u00e9raire ARCA de Basse-Terre<\/h4>\n<p>Vente sur place de <strong>cercueils<\/strong>, <strong>fleurs de deuil<\/strong> et <strong>plaques fun\u00e9raire<\/strong><strong>s<\/strong>. Nos produits sont consultables depuis notre <a href=\"http:\/\/espacefunerairearca.com\/?page_id=2191\">catalogue<\/a>. Pour tout achat ou informations compl\u00e9mentaires, veuillez nous contacter au 0590 81 72 35.[\/vc_column_text][vc_empty_space][vc_row_inner][vc_column_inner width=\u00a0\u00bb1\/2&Prime;][vc_raw_html]JTNDaWZyYW1lJTIwc3R5bGUlM0QlMjJwb3NpdGlvbiUzQSUyMHJlbGF0aXZlJTNCJTIwdG9wJTNBJTIwMCUzQiUyMHJpZ2h0JTNBJTIwMCUzQiUyMGJvdHRvbSUzQSUyMDAlM0IlMjBsZWZ0JTNBJTIwMCUzQiUyMGhlaWdodCUzQSUyMDEwMCUyNSUyMiUyMGFsbG93ZnVsbHNjcmVlbiUzRCUyMnRydWUlMjIlMjBmcmFtZWJvcmRlciUzRCUyMjAlMjIlMjB3aWR0aCUzRCUyMjEwMCUyNSUyMiUyMGhlaWdodCUzRCUyMjUxMiUyMiUyMHNyYyUzRCUyMmh0dHBzJTNBJTJGJTJGdnIubWUuc2glMkZ2aWV3JTJGJTNGdmlldyUzRDM2MCUyNiUyMzAzOCUzQnVybCUzRGh0dHAlM0ElMkYlMkZlc3BhY2VmdW5lcmFpcmVhcmNhLmNvbSUyRndwLWNvbnRlbnQlMkZ1cGxvYWRzJTJGMjAxNyUyRjA3JTJGZXh0LWJvdXRpcXVlLWFyY2EuanBnJTIyJTNFJTNDJTJGaWZyYW1lJTNFJTBB[\/vc_raw_html][vc_empty_space][vc_column_text]<\/p>\n<p style=\"text-align: center;\">Ext\u00e9rieur boutique ARCA<\/p>\n<p>[\/vc_column_text][vc_empty_space][\/vc_column_inner][vc_column_inner width=\u00a0\u00bb1\/2&Prime;][vc_raw_html]JTNDaWZyYW1lJTIwc3R5bGUlM0QlMjJwb3NpdGlvbiUzQSUyMHJlbGF0aXZlJTNCJTIwdG9wJTNBJTIwMCUzQiUyMHJpZ2h0JTNBJTIwNTAwJTNCJTIwYm90dG9tJTNBJTIwMCUzQiUyMGxlZnQlM0ElMjAwJTNCJTIwaGVpZ2h0JTNBJTIwMTAwJTI1JTIyJTIwYWxsb3dmdWxsc2NyZWVuJTNEJTIydHJ1ZSUyMiUyMGZyYW1lYm9yZGVyJTNEJTIyMCUyMiUyMHdpZHRoJTNEJTIyMTAwJTI1JTIyJTIwaGVpZ2h0JTNEJTIyNTEyJTIyJTIwc3JjJTNEJTIyaHR0cHMlM0ElMkYlMkZ2ci5tZS5zaCUyRnZpZXclMkYlM0Z2aWV3JTNEMzYwJTI2JTIzMDM4JTNCdXJsJTNEaHR0cCUzQSUyRiUyRmVzcGFjZWZ1bmVyYWlyZWFyY2EuY29tJTJGd3AtY29udGVudCUyRnVwbG9hZHMlMkYyMDIyJTJGMDklMkZtYWdhc2luLWRyb2l0ZS5qcGclMjIlM0UlM0MlMkZpZnJhbWUlM0UlMEE=[\/vc_raw_html][vc_empty_space][vc_column_text]<\/p>\n<p style=\"text-align: center;\">Un choix de cercueils en pin et en pin sculpt\u00e9.<\/p>\n<p>[\/vc_column_text][vc_empty_space][\/vc_column_inner][\/vc_row_inner][vc_row_inner][vc_column_inner width=\u00a0\u00bb1\/2&Prime;][vc_raw_html]JTNDaWZyYW1lJTIwc3R5bGUlM0QlMjJwb3NpdGlvbiUzQSUyMHJlbGF0aXZlJTNCJTIwdG9wJTNBJTIwMCUzQiUyMHJpZ2h0JTNBJTIwNTAwJTNCJTIwYm90dG9tJTNBJTIwMCUzQiUyMGxlZnQlM0ElMjAwJTNCJTIwaGVpZ2h0JTNBJTIwMTAwJTI1JTIyJTIwYWxsb3dmdWxsc2NyZWVuJTNEJTIydHJ1ZSUyMiUyMGZyYW1lYm9yZGVyJTNEJTIyMCUyMiUyMHdpZHRoJTNEJTIyMTAwJTI1JTIyJTIwaGVpZ2h0JTNEJTIyNTEyJTIyJTIwc3JjJTNEJTIyaHR0cHMlM0ElMkYlMkZ2ci5tZS5zaCUyRnZpZXclMkYlM0Z2aWV3JTNEMzYwJTI2JTIzMDM4JTNCdXJsJTNEaHR0cCUzQSUyRiUyRmVzcGFjZWZ1bmVyYWlyZWFyY2EuY29tJTJGd3AtY29udGVudCUyRnVwbG9hZHMlMkYyMDIyJTJGMDklMkZtYWdhc2luLWdhdWNoZS5qcGclMjIlM0UlM0MlMkZpZnJhbWUlM0UlMEE=[\/vc_raw_html][vc_empty_space][vc_column_text]<\/p>\n<p style=\"text-align: center;\">Un choix de cercueils en acajou.<\/p>\n<p>[\/vc_column_text][\/vc_column_inner][vc_column_inner width=\u00a0\u00bb1\/2&Prime;][vc_raw_html]JTNDaWZyYW1lJTIwc3R5bGUlM0QlMjJwb3NpdGlvbiUzQSUyMHJlbGF0aXZlJTNCJTIwdG9wJTNBJTIwMCUzQiUyMHJpZ2h0JTNBJTIwNTAwJTNCJTIwYm90dG9tJTNBJTIwMCUzQiUyMGxlZnQlM0ElMjAwJTNCJTIwaGVpZ2h0JTNBJTIwMTAwJTI1JTIyJTIwYWxsb3dmdWxsc2NyZWVuJTNEJTIydHJ1ZSUyMiUyMGZyYW1lYm9yZGVyJTNEJTIyMCUyMiUyMHdpZHRoJTNEJTIyMTAwJTI1JTIyJTIwaGVpZ2h0JTNEJTIyNTEyJTIyJTIwc3JjJTNEJTIyaHR0cHMlM0ElMkYlMkZ2ci5tZS5zaCUyRnZpZXclMkYlM0Z2aWV3JTNEMzYwJTI2JTIzMDM4JTNCdXJsJTNEaHR0cCUzQSUyRiUyRmVzcGFjZWZ1bmVyYWlyZWFyY2EuY29tJTJGd3AtY29udGVudCUyRnVwbG9hZHMlMkYyMDIyJTJGMDklMkZtYWdhc2luLWNlbnRyZS5qcGclMjIlM0UlM0MlMkZpZnJhbWUlM0UlMEE=[\/vc_raw_html][vc_empty_space][vc_column_text]<\/p>\n<p style=\"text-align: center;\">Magasin<\/p>\n<p>[\/vc_column_text][\/vc_column_inner][\/vc_row_inner][\/vc_column][\/vc_row][vc_row][vc_column][vc_empty_space height=\u00a0\u00bb72px\u00a0\u00bb][\/vc_column][\/vc_row]<\/p>\n","protected":false},"excerpt":{"rendered":"<p>[vc_row full_width=\u00a0\u00bbstretch_row_content_no_spaces\u00a0\u00bb el_id=\u00a0\u00bbbarre-or\u00a0\u00bb][vc_column][\/vc_column][\/vc_row][vc_row][vc_column][vc_empty_space height=\u00a0\u00bb72px\u00a0\u00bb][vc_custom_heading text=\u00a0\u00bb18 mod\u00e8les de cercueils propos\u00e9s \u00e0 la vente\u00a0\u00bb font_container=\u00a0\u00bbtag:h3|text_align:left\u00a0\u00bb use_theme_fonts=\u00a0\u00bbyes\u00a0\u00bb][vc_empty_space][trx_image url=\u00a0\u00bb2242&Prime;][\/vc_column][\/vc_row][vc_row][vc_column][vc_empty_space height=\u00a0\u00bb72px\u00a0\u00bb][\/vc_column][\/vc_row][vc_row][vc_column][vc_column_text] Visite virtuelle de la boutique de l&rsquo;espace fun\u00e9raire ARCA de Basse-Terre Vente sur place de cercueils, fleurs de deuil et plaques fun\u00e9raires. Nos produits sont consultables depuis notre catalogue. Pour tout achat ou informations compl\u00e9mentaires, veuillez nous contacter au &hellip; <\/p>\n<p class=\"link-more\"><a href=\"https:\/\/espacefunerairearca.com\/index.php\/cercueils-arca-2\/\" class=\"more-link\">Continue reading<span class=\"screen-reader-text\"> \u00ab\u00a0Cercueils ARCA\u00a0\u00bb<\/span><\/a><\/p>\n","protected":false},"author":1,"featured_media":0,"parent":0,"menu_order":0,"comment_status":"closed","ping_status":"closed","template":"","meta":{"footnotes":""},"class_list":["post-2241","page","type-page","status-publish","hentry"],"_links":{"self":[{"href":"https:\/\/espacefunerairearca.com\/index.php\/wp-json\/wp\/v2\/pages\/2241","targetHints":{"allow":["GET"]}}],"collection":[{"href":"https:\/\/espacefunerairearca.com\/index.php\/wp-json\/wp\/v2\/pages"}],"about":[{"href":"https:\/\/espacefunerairearca.com\/index.php\/wp-json\/wp\/v2\/types\/page"}],"author":[{"embeddable":true,"href":"https:\/\/espacefunerairearca.com\/index.php\/wp-json\/wp\/v2\/users\/1"}],"replies":[{"embeddable":true,"href":"https:\/\/espacefunerairearca.com\/index.php\/wp-json\/wp\/v2\/comments?post=2241"}],"version-history":[{"count":0,"href":"https:\/\/espacefunerairearca.com\/index.php\/wp-json\/wp\/v2\/pages\/2241\/revisions"}],"wp:attachment":[{"href":"https:\/\/espacefunerairearca.com\/index.php\/wp-json\/wp\/v2\/media?parent=2241"}],"curies":[{"name":"wp","href":"https:\/\/api.w.org\/{rel}","templated":true}]}}