{"id":1266,"date":"2017-02-14T17:25:25","date_gmt":"2017-02-14T16:25:25","guid":{"rendered":"http:\/\/espacefunerairearca.com\/?page_id=1266"},"modified":"2024-12-19T21:20:14","modified_gmt":"2024-12-19T21:20:14","slug":"regler-les-problemes-administratifs","status":"publish","type":"page","link":"https:\/\/espacefunerairearca.com\/index.php\/regler-les-problemes-administratifs\/","title":{"rendered":"R\u00e9gler les d\u00e9marches administratives"},"content":{"rendered":"<p>[vc_row][vc_column][vc_raw_html el_class=\u00a0\u00bbboutonback\u00a0\u00bb]JTNDYnV0dG9uJTIwaWQlM0QlMjJjaGFuZ2VCYWNrZ3JvdW5kJTIyJTIwY2xhc3MlM0QlMjJib3V0b25iYWNrJTIyJTNFQ2hhbmdlciUyMGRlJTIwZm9uZCUzQyUyRmJ1dHRvbiUzRSUwQSUwQSUzQ2RpdiUyMGNsYXNzJTNEJTIyb3V0ZXJfZHBhZ2UlMjIlM0UlM0MlMkZkaXYlM0UlMEElM0NwJTIwY2xhc3MlM0QlMjJjdXN0b20tYmFja2dyb3VuZCUyMiUzRSUzQyUyRnAlM0UlMEElMEElM0NzY3JpcHQlM0UlMEFkb2N1bWVudC5hZGRFdmVudExpc3RlbmVyJTI4JTI3RE9NQ29udGVudExvYWRlZCUyNyUyQyUyMGZ1bmN0aW9uJTI4JTI5JTIwJTdCJTBBJTIwJTIwJTIwJTIwdmFyJTIwY2hhbmdlQnV0dG9uJTIwJTNEJTIwZG9jdW1lbnQuZ2V0RWxlbWVudEJ5SWQlMjglMjdjaGFuZ2VCYWNrZ3JvdW5kJTI3JTI5JTNCJTBBJTIwJTIwJTIwJTIwY2hhbmdlQnV0dG9uLmFkZEV2ZW50TGlzdGVuZXIlMjglMjdjbGljayUyNyUyQyUyMGZ1bmN0aW9uJTI4JTI5JTIwJTdCJTBBJTIwJTIwJTIwJTIwJTIwJTIwJTIwJTIwJTJGJTJGJTIwUyVDMyVBOWxlY3Rpb25uZXolMjB0b3VzJTIwbGVzJTIwJUMzJUE5bCVDMyVBOW1lbnRzJTIwcXVlJTIwdm91cyUyMHZvdWxleiUyMGJhc2N1bGVyJTIwYXZlYyUyMHVuZSUyMGNsYXNzZSUyMGNvbW11bmUlMEElMjAlMjAlMjAlMjAlMjAlMjAlMjAlMjB2YXIlMjBlbGVtZW50cyUyMCUzRCUyMGRvY3VtZW50LnF1ZXJ5U2VsZWN0b3JBbGwlMjglMjcub3V0ZXJfZHBhZ2UlMkMlMjAuY3VzdG9tLWJhY2tncm91bmQlMjclMjklM0IlMEElMjAlMjAlMjAlMjAlMjAlMjAlMjAlMjBlbGVtZW50cy5mb3JFYWNoJTI4ZnVuY3Rpb24lMjhlbCUyOSUyMCU3QiUwQSUyMCUyMCUyMCUyMCUyMCUyMCUyMCUyMCUyMCUyMCUyMCUyMGVsLmNsYXNzTGlzdC50b2dnbGUlMjglMjdhbHRlcm5hdGUtYmFja2dyb3VuZCUyNyUyOSUzQiUwQSUyMCUyMCUyMCUyMCUyMCUyMCUyMCUyMCU3RCUyOSUzQiUwQSUyMCUyMCUyMCUyMCU3RCUyOSUzQiUwQSU3RCUyOSUzQiUwQSUwQSUzQyUyRnNjcmlwdCUzRSUwQSUwQSUzQyUyMS0tJTIwU3R5bGVzJTIwb3B0aW9ubmVscyUyMGRpcmVjdGVtZW50JTIwZGFucyUyMGxhJTIwcGFnZSUyMCUyOGFqb3V0ZXIlMjBkYW5zJTIwbGElMjBzZWN0aW9uJTIwJTNDaGVhZCUzRSUyMHNpJTIwcG9zc2libGUlMjklMjAtLSUzRSUwQSUzQ3N0eWxlJTNFJTBBLm91dGVyX2RwYWdlJTJDJTIwLmN1c3RvbS1iYWNrZ3JvdW5kJTIwJTdCJTBBJTIwJTIwJTIwJTIwYmFja2dyb3VuZC1jb2xvciUzQSUyMCUyM0NCQkRCMCUzQiUyMCUyRiUyQSUyMENvdWxldXIlMjBkZSUyMGZvbmQlMjBwYXIlMjBkJUMzJUE5ZmF1dCUyMCUyQSUyRiUwQSUyMCUyMCUyMCUyMHBhZGRpbmclM0ElMjAwcHglM0IlMEElMjAlMjAlMjAlMjBtYXJnaW4tdG9wJTNBJTIwLTIwcHglM0IlMEElN0QlMEElMEEuYWx0ZXJuYXRlLWJhY2tncm91bmQlMjAlN0IlMEElMjAlMjAlMjAlMjBiYWNrZ3JvdW5kLWNvbG9yJTNBJTIwJTIzZmZmZmZmJTNCJTIwJTJGJTJBJTIwQ291bGV1ciUyMGRlJTIwZm9uZCUyMGFsdGVybmF0aWYlMjAlMkElMkYlMEElN0QlMEElMEElM0MlMkZzdHlsZSUzRSUwQQ==[\/vc_raw_html][\/vc_column][\/vc_row][vc_row full_width=\u00a0\u00bbstretch_row_content_no_spaces\u00a0\u00bb el_id=\u00a0\u00bbbarre-or\u00a0\u00bb][vc_column][vc_single_image image=\u00a0\u00bb2837&Prime; img_size=\u00a0\u00bbfull\u00a0\u00bb alignment=\u00a0\u00bbcenter\u00a0\u00bb][\/vc_column][\/vc_row][vc_row][vc_column][vc_btn title=\u00a0\u00bbT\u00e9l\u00e9charger courrier-type\u00a0\u00bb style=\u00a0\u00bbcustom\u00a0\u00bb custom_background=\u00a0\u00bb#4d4344&Prime; custom_text=\u00a0\u00bb#ffffff\u00a0\u00bb align=\u00a0\u00bbcenter\u00a0\u00bb button_block=\u00a0\u00bbtrue\u00a0\u00bb custom_onclick=\u00a0\u00bbtrue\u00a0\u00bb link=\u00a0\u00bburl:https%3A%2F%2Fespacefunerairearca.com%2Fwp-content%2Fuploads%2F2024%2F05%2Fcourrier-Type.pdf|target:_blank\u00a0\u00bb][\/vc_column][\/vc_row][vc_row el_id=\u00a0\u00bbtelechargement\u00a0\u00bb][vc_column][vc_empty_space][vc_column_text el_class=\u00a0\u00bbouter_dpage p\u00a0\u00bb]<\/p>\n<blockquote><p><b><i>Pour bien pr\u00e9parer les d\u00e9marches administratives obligatoires apr\u00e8s un d\u00e9c\u00e8s, je vous conseille de rassembler m\u00e9thodiquement les pi\u00e8ces relatives :<\/i><\/b><\/p><\/blockquote>\n<p>[\/vc_column_text][\/vc_column][\/vc_row][vc_row][vc_column width=\u00a0\u00bb1\/3&Prime;][vc_single_image image=\u00a0\u00bb3604&Prime; img_size=\u00a0\u00bbfull\u00a0\u00bb alignment=\u00a0\u00bbcenter\u00a0\u00bb][vc_column_text el_class=\u00a0\u00bbouter_dpage p\u00a0\u00bb css=\u00a0\u00bb.vc_custom_1715029163434{margin-top: -30px !important;}\u00a0\u00bb]<\/p>\n<p style=\"text-align: center;\">Banque<\/p>\n<p>[\/vc_column_text][\/vc_column][vc_column width=\u00a0\u00bb2\/3&Prime;][vc_empty_space height=\u00a0\u00bb52px\u00a0\u00bb][vc_column_text el_class=\u00a0\u00bbouter_dpage p\u00a0\u00bb]<\/p>\n<div class=\"wpb_wrapper\" style=\"text-align: justify;\">\n<div style=\"border: double 3px #4D4344; padding: 40px; border-radius: 8px; background-color: #e4e0e0;\">\n<ul>\n<li>aux comptes bancaires et organismes de cr\u00e9dit, \u00e0 l\u2019employeur<\/li>\n<li>aux diff\u00e9rentes caisses (s\u00e9curit\u00e9 sociale, retraites, allocations familiales, mutuelles compl\u00e9mentaires\u2026.),<\/li>\n<li>aux assurances,<\/li>\n<li>\u00e0 la succession,<\/li>\n<li>aux abonnements souscrits (\u00e9lectricit\u00e9, eau, t\u00e9l\u00e9phone\u2026),<\/li>\n<li>aux imp\u00f4ts.<\/li>\n<\/ul>\n<\/div>\n<\/div>\n<p>[\/vc_column_text][\/vc_column][\/vc_row][vc_row equal_height=\u00a0\u00bbyes\u00a0\u00bb][vc_column][vc_empty_space][\/vc_column][\/vc_row][vc_row equal_height=\u00a0\u00bbyes\u00a0\u00bb][vc_column][vc_column_text el_class=\u00a0\u00bbouter_dpage p\u00a0\u00bb]<\/p>\n<div class=\"wpb_wrapper\" style=\"text-align: justify;\">\n<div style=\"border: double 3px #4D4344; padding: 40px; border-radius: 8px; background-color: #e4e0e0;\">\n<p>A votre demande, la mairie vous remettra des extraits d\u2019actes de d\u00e9c\u00e8s. S\u2019agissant des certificats d\u2019h\u00e9r\u00e9dit\u00e9, seuls les notaires sont habilit\u00e9s \u00e0 vous les d\u00e9livrer.<\/p>\n<p><strong>Tr\u00e8s important : certaines d\u00e9marches doivent \u00eatre entreprises dans la semaine qui suit le d\u00e9c\u00e8s. D\u2019autres peuvent attendre \u2026 Mais pas trop.<\/strong><\/p>\n<div><b> <\/b><\/div>\n<p><b>La priorit\u00e9 revient \u00e0 la banque et \u00e0 l\u2019employeur<\/b> (dans la semaine qui suit le d\u00e9c\u00e8s).<\/p>\n<ul>\n<li style=\"list-style-type: none;\">\n<ul>\n<li><b>L\u2019employeur<\/b>, pour obtenir le solde de tout compte, les cong\u00e9s pay\u00e9s, les bulletins de salaire. Ces documents sont n\u00e9cessaires pour le versement du capital d\u00e9c\u00e8s de la s\u00e9curit\u00e9 sociale.<\/li>\n<li><b>La banque<\/b>, pour bloquer les comptes, rejeter les ch\u00e8ques et les paiements par carte bancaire post\u00e9rieurs \u00e0 la date du d\u00e9c\u00e8s.<\/li>\n<\/ul>\n<\/li>\n<\/ul>\n<p><b><i>Les comptes joints avec mention \u00ab monsieur et madame \u00bb sont bloqu\u00e9s apr\u00e8s le d\u00e9c\u00e8s, tandis que ceux avec \u00ab monsieur ou madame \u00bb ne le sont pas.<\/i><\/b><\/p>\n<p><b><i>Les procurations s\u2019arr\u00eatent au d\u00e9c\u00e8s, sauf si elles sont \u00ab post mortem \u00bb.<\/i><\/b><\/p>\n<\/div>\n<\/div>\n<p>[\/vc_column_text][\/vc_column][\/vc_row][vc_row equal_height=\u00a0\u00bbyes\u00a0\u00bb][vc_column][vc_empty_space][\/vc_column][\/vc_row][vc_row][vc_column width=\u00a0\u00bb1\/3&Prime;][vc_single_image image=\u00a0\u00bb3605&Prime; img_size=\u00a0\u00bbfull\u00a0\u00bb alignment=\u00a0\u00bbcenter\u00a0\u00bb][vc_column_text el_class=\u00a0\u00bbouter_dpage p\u00a0\u00bb css=\u00a0\u00bb.vc_custom_1715029173106{margin-top: -30px !important;}\u00a0\u00bb]<\/p>\n<p style=\"text-align: center;\">S\u00e9curit\u00e9 sociale<\/p>\n<p>[\/vc_column_text][\/vc_column][vc_column width=\u00a0\u00bb2\/3&Prime;][vc_column_text el_class=\u00a0\u00bbouter_dpage p\u00a0\u00bb]<\/p>\n<div class=\"wpb_wrapper\" style=\"text-align: justify;\">\n<div style=\"border: double 3px #4D4344; padding: 40px; border-radius: 8px; background-color: #e4e0e0;\">\n<p><b>D\u00e9marches \u00e0 faire dans les quinze jours suivants le d\u00e9c\u00e8s<\/b><\/p>\n<ul>\n<li><strong>La CAF<\/strong>, car selon votre situation, vous pouvez b\u00e9n\u00e9ficier d\u2019une bourse d\u2019\u00e9tude, d\u2019une aide au logement, du RSA, d\u2019une allocation de parent isol\u00e9, de soutien familial.<\/li>\n<li><strong>Mutuelles, caisses de retraite compl\u00e9mentaire<\/strong>, car dans certains cas le conjoint survivant peut pr\u00e9tendre \u00e0 une retraite.<\/li>\n<li><strong>La s\u00e9curit\u00e9 sociale<\/strong>, pour obtenir le capital d\u00e9c\u00e8s si le d\u00e9funt \u00e9tait salari\u00e9 ou si il percevait des allocations ch\u00f4mage.<\/li>\n<li><strong>Assurance maladie<\/strong> ; une veuve conserve le b\u00e9n\u00e9fice des remboursements pendant un an apr\u00e8s le d\u00e9c\u00e8s de l\u2019\u00e9poux et jusqu\u2019\u00e0 ce que le dernier enfant ait 3 ans, ou d\u00e9finitivement si elle a 44 ans ou plus \u00e0 la date du d\u00e9c\u00e8s et a \u00e9lev\u00e9 au moins trois enfants.<\/li>\n<\/ul>\n<\/div>\n<\/div>\n<p>[\/vc_column_text][\/vc_column][\/vc_row][vc_row equal_height=\u00a0\u00bbyes\u00a0\u00bb][vc_column][vc_empty_space][\/vc_column][\/vc_row][vc_row][vc_column width=\u00a0\u00bb1\/3&Prime;][vc_single_image image=\u00a0\u00bb3606&Prime; img_size=\u00a0\u00bbfull\u00a0\u00bb alignment=\u00a0\u00bbcenter\u00a0\u00bb][vc_column_text el_class=\u00a0\u00bbouter_dpage p\u00a0\u00bb css=\u00a0\u00bb.vc_custom_1715029182894{margin-top: -30px !important;}\u00a0\u00bb]<\/p>\n<p style=\"text-align: center;\">Notaire<\/p>\n<p>[\/vc_column_text][\/vc_column][vc_column width=\u00a0\u00bb2\/3&Prime;][vc_column_text el_class=\u00a0\u00bbouter_dpage p\u00a0\u00bb]<\/p>\n<div class=\"wpb_wrapper\" style=\"text-align: justify;\">\n<div style=\"border: double 3px #4D4344; padding: 40px; border-radius: 8px; background-color: #e4e0e0;\">\n<ul>\n<li><strong>Succession <\/strong>: vous devez prendre rapidement l\u2019attache de votre notaire, surtout si il y a des biens immobiliers et des enfants mineurs, car se r\u00e9partir les biens d\u2019un proche n\u2019est pas toujours simple pour les h\u00e9ritiers.<\/li>\n<\/ul>\n<p>Toutefois, les r\u00e9formes r\u00e9centes permettent de d\u00e9bloquer des situations qui jadis \u00e9taient complexes. L\u2019article 815 du Code Civil stipule que \u00ab nul ne peut \u00eatre contraint \u00e0 demeurer dans l\u2019indivision\u2026.. \u00bb. <strong>D\u00e8s lors, le silence d\u2019un h\u00e9ritier ne bloque plus la liquidation de la succession.<\/strong><br \/>\nEnfin, vous devez savoir que les droits de succession doivent \u00eatre r\u00e9gl\u00e9s au plus tard six mois apr\u00e8s le d\u00e9c\u00e8s.<\/p>\n<\/div>\n<\/div>\n<p>[\/vc_column_text][\/vc_column][\/vc_row][vc_row equal_height=\u00a0\u00bbyes\u00a0\u00bb][vc_column][vc_empty_space][\/vc_column][\/vc_row][vc_row equal_height=\u00a0\u00bbyes\u00a0\u00bb][vc_column][vc_column_text el_class=\u00a0\u00bbouter_dpage p\u00a0\u00bb]<\/p>\n<div class=\"wpb_wrapper\" style=\"text-align: justify;\">\n<div style=\"border: double 3px #4D4344; padding: 40px; border-radius: 8px; background-color: #e4e0e0;\">\n<p><b>Vous avez trois mois pour demander la pension de r\u00e9version :<br \/>\n<\/b><\/p>\n<p>En effet, le conjoint survivant (m\u00eame divorc\u00e9 et non remari\u00e9) a droit \u00e0 la pension de r\u00e9version de l\u2019assurance vieillesse de la s\u00e9curit\u00e9 sociale. Elle est attribu\u00e9e sous conditions de ressources.<\/p>\n<p><b>D\u2019autres d\u00e9marches \u00e0 r\u00e9aliser au plus t\u00f4t :<br \/>\n<\/b><\/p>\n<p>Je veux simplement vous lister ici, les autres organismes \u00e0 aviser et les factures \u00e0 r\u00e9gler :<\/p>\n<ul>\n<li style=\"list-style-type: none;\">\n<ul>\n<li>Les imp\u00f4ts,<\/li>\n<li>Loyer, t\u00e9l\u00e9phone, eau, redevance t\u00e9l\u00e9vision, EDF,<\/li>\n<li>Pr\u00e9fecture pour carte grise de la voiture,\u2026.<\/li>\n<\/ul>\n<\/li>\n<\/ul>\n<p style=\"text-align: left;\">Bon courage.<\/p>\n<\/div>\n<\/div>\n<p>[\/vc_column_text][\/vc_column][\/vc_row][vc_row equal_height=\u00a0\u00bbyes\u00a0\u00bb][vc_column][vc_empty_space height=\u00a0\u00bb72px\u00a0\u00bb][\/vc_column][\/vc_row][vc_row][vc_column width=\u00a0\u00bb2\/3&Prime;][\/vc_column][vc_column width=\u00a0\u00bb1\/3&Prime;][vc_column_text el_class=\u00a0\u00bbouter_dpage p\u00a0\u00bb]<strong>Georgina ARBAU<\/strong><br \/>\n<small>G\u00e9rante de l\u2019Espace Fun\u00e9raire ARCA<\/small>[\/vc_column_text][\/vc_column][\/vc_row][vc_row][vc_column][vc_single_image image=\u00a0\u00bb2837&Prime; img_size=\u00a0\u00bbfull\u00a0\u00bb alignment=\u00a0\u00bbcenter\u00a0\u00bb][\/vc_column][\/vc_row]<\/p>\n","protected":false},"excerpt":{"rendered":"<p>[vc_row][vc_column][vc_raw_html el_class=\u00a0\u00bbboutonback\u00a0\u00bb]JTNDYnV0dG9uJTIwaWQlM0QlMjJjaGFuZ2VCYWNrZ3JvdW5kJTIyJTIwY2xhc3MlM0QlMjJib3V0b25iYWNrJTIyJTNFQ2hhbmdlciUyMGRlJTIwZm9uZCUzQyUyRmJ1dHRvbiUzRSUwQSUwQSUzQ2RpdiUyMGNsYXNzJTNEJTIyb3V0ZXJfZHBhZ2UlMjIlM0UlM0MlMkZkaXYlM0UlMEElM0NwJTIwY2xhc3MlM0QlMjJjdXN0b20tYmFja2dyb3VuZCUyMiUzRSUzQyUyRnAlM0UlMEElMEElM0NzY3JpcHQlM0UlMEFkb2N1bWVudC5hZGRFdmVudExpc3RlbmVyJTI4JTI3RE9NQ29udGVudExvYWRlZCUyNyUyQyUyMGZ1bmN0aW9uJTI4JTI5JTIwJTdCJTBBJTIwJTIwJTIwJTIwdmFyJTIwY2hhbmdlQnV0dG9uJTIwJTNEJTIwZG9jdW1lbnQuZ2V0RWxlbWVudEJ5SWQlMjglMjdjaGFuZ2VCYWNrZ3JvdW5kJTI3JTI5JTNCJTBBJTIwJTIwJTIwJTIwY2hhbmdlQnV0dG9uLmFkZEV2ZW50TGlzdGVuZXIlMjglMjdjbGljayUyNyUyQyUyMGZ1bmN0aW9uJTI4JTI5JTIwJTdCJTBBJTIwJTIwJTIwJTIwJTIwJTIwJTIwJTIwJTJGJTJGJTIwUyVDMyVBOWxlY3Rpb25uZXolMjB0b3VzJTIwbGVzJTIwJUMzJUE5bCVDMyVBOW1lbnRzJTIwcXVlJTIwdm91cyUyMHZvdWxleiUyMGJhc2N1bGVyJTIwYXZlYyUyMHVuZSUyMGNsYXNzZSUyMGNvbW11bmUlMEElMjAlMjAlMjAlMjAlMjAlMjAlMjAlMjB2YXIlMjBlbGVtZW50cyUyMCUzRCUyMGRvY3VtZW50LnF1ZXJ5U2VsZWN0b3JBbGwlMjglMjcub3V0ZXJfZHBhZ2UlMkMlMjAuY3VzdG9tLWJhY2tncm91bmQlMjclMjklM0IlMEElMjAlMjAlMjAlMjAlMjAlMjAlMjAlMjBlbGVtZW50cy5mb3JFYWNoJTI4ZnVuY3Rpb24lMjhlbCUyOSUyMCU3QiUwQSUyMCUyMCUyMCUyMCUyMCUyMCUyMCUyMCUyMCUyMCUyMCUyMGVsLmNsYXNzTGlzdC50b2dnbGUlMjglMjdhbHRlcm5hdGUtYmFja2dyb3VuZCUyNyUyOSUzQiUwQSUyMCUyMCUyMCUyMCUyMCUyMCUyMCUyMCU3RCUyOSUzQiUwQSUyMCUyMCUyMCUyMCU3RCUyOSUzQiUwQSU3RCUyOSUzQiUwQSUwQSUzQyUyRnNjcmlwdCUzRSUwQSUwQSUzQyUyMS0tJTIwU3R5bGVzJTIwb3B0aW9ubmVscyUyMGRpcmVjdGVtZW50JTIwZGFucyUyMGxhJTIwcGFnZSUyMCUyOGFqb3V0ZXIlMjBkYW5zJTIwbGElMjBzZWN0aW9uJTIwJTNDaGVhZCUzRSUyMHNpJTIwcG9zc2libGUlMjklMjAtLSUzRSUwQSUzQ3N0eWxlJTNFJTBBLm91dGVyX2RwYWdlJTJDJTIwLmN1c3RvbS1iYWNrZ3JvdW5kJTIwJTdCJTBBJTIwJTIwJTIwJTIwYmFja2dyb3VuZC1jb2xvciUzQSUyMCUyM0NCQkRCMCUzQiUyMCUyRiUyQSUyMENvdWxldXIlMjBkZSUyMGZvbmQlMjBwYXIlMjBkJUMzJUE5ZmF1dCUyMCUyQSUyRiUwQSUyMCUyMCUyMCUyMHBhZGRpbmclM0ElMjAwcHglM0IlMEElMjAlMjAlMjAlMjBtYXJnaW4tdG9wJTNBJTIwLTIwcHglM0IlMEElN0QlMEElMEEuYWx0ZXJuYXRlLWJhY2tncm91bmQlMjAlN0IlMEElMjAlMjAlMjAlMjBiYWNrZ3JvdW5kLWNvbG9yJTNBJTIwJTIzZmZmZmZmJTNCJTIwJTJGJTJBJTIwQ291bGV1ciUyMGRlJTIwZm9uZCUyMGFsdGVybmF0aWYlMjAlMkElMkYlMEElN0QlMEElMEElM0MlMkZzdHlsZSUzRSUwQQ==[\/vc_raw_html][\/vc_column][\/vc_row][vc_row full_width=\u00a0\u00bbstretch_row_content_no_spaces\u00a0\u00bb el_id=\u00a0\u00bbbarre-or\u00a0\u00bb][vc_column][vc_single_image image=\u00a0\u00bb2837&Prime; img_size=\u00a0\u00bbfull\u00a0\u00bb alignment=\u00a0\u00bbcenter\u00a0\u00bb][\/vc_column][\/vc_row][vc_row][vc_column][vc_btn title=\u00a0\u00bbT\u00e9l\u00e9charger courrier-type\u00a0\u00bb style=\u00a0\u00bbcustom\u00a0\u00bb custom_background=\u00a0\u00bb#4d4344&Prime; custom_text=\u00a0\u00bb#ffffff\u00a0\u00bb align=\u00a0\u00bbcenter\u00a0\u00bb button_block=\u00a0\u00bbtrue\u00a0\u00bb custom_onclick=\u00a0\u00bbtrue\u00a0\u00bb link=\u00a0\u00bburl:https%3A%2F%2Fespacefunerairearca.com%2Fwp-content%2Fuploads%2F2024%2F05%2Fcourrier-Type.pdf|target:_blank\u00a0\u00bb][\/vc_column][\/vc_row][vc_row el_id=\u00a0\u00bbtelechargement\u00a0\u00bb][vc_column][vc_empty_space][vc_column_text el_class=\u00a0\u00bbouter_dpage p\u00a0\u00bb] Pour bien pr\u00e9parer les d\u00e9marches administratives obligatoires apr\u00e8s un d\u00e9c\u00e8s, je vous conseille de rassembler m\u00e9thodiquement les pi\u00e8ces relatives : [\/vc_column_text][\/vc_column][\/vc_row][vc_row][vc_column width=\u00a0\u00bb1\/3&Prime;][vc_single_image image=\u00a0\u00bb3604&Prime; img_size=\u00a0\u00bbfull\u00a0\u00bb alignment=\u00a0\u00bbcenter\u00a0\u00bb][vc_column_text el_class=\u00a0\u00bbouter_dpage p\u00a0\u00bb css=\u00a0\u00bb.vc_custom_1715029163434{margin-top: -30px !important;}\u00a0\u00bb] Banque [\/vc_column_text][\/vc_column][vc_column width=\u00a0\u00bb2\/3&Prime;][vc_empty_space height=\u00a0\u00bb52px\u00a0\u00bb][vc_column_text el_class=\u00a0\u00bbouter_dpage p\u00a0\u00bb] &hellip; <\/p>\n<p class=\"link-more\"><a href=\"https:\/\/espacefunerairearca.com\/index.php\/regler-les-problemes-administratifs\/\" class=\"more-link\">Continue reading<span class=\"screen-reader-text\"> \u00ab\u00a0R\u00e9gler les d\u00e9marches administratives\u00a0\u00bb<\/span><\/a><\/p>\n","protected":false},"author":1,"featured_media":0,"parent":0,"menu_order":0,"comment_status":"closed","ping_status":"closed","template":"","meta":{"footnotes":""},"class_list":["post-1266","page","type-page","status-publish","hentry"],"_links":{"self":[{"href":"https:\/\/espacefunerairearca.com\/index.php\/wp-json\/wp\/v2\/pages\/1266","targetHints":{"allow":["GET"]}}],"collection":[{"href":"https:\/\/espacefunerairearca.com\/index.php\/wp-json\/wp\/v2\/pages"}],"about":[{"href":"https:\/\/espacefunerairearca.com\/index.php\/wp-json\/wp\/v2\/types\/page"}],"author":[{"embeddable":true,"href":"https:\/\/espacefunerairearca.com\/index.php\/wp-json\/wp\/v2\/users\/1"}],"replies":[{"embeddable":true,"href":"https:\/\/espacefunerairearca.com\/index.php\/wp-json\/wp\/v2\/comments?post=1266"}],"version-history":[{"count":22,"href":"https:\/\/espacefunerairearca.com\/index.php\/wp-json\/wp\/v2\/pages\/1266\/revisions"}],"predecessor-version":[{"id":4181,"href":"https:\/\/espacefunerairearca.com\/index.php\/wp-json\/wp\/v2\/pages\/1266\/revisions\/4181"}],"wp:attachment":[{"href":"https:\/\/espacefunerairearca.com\/index.php\/wp-json\/wp\/v2\/media?parent=1266"}],"curies":[{"name":"wp","href":"https:\/\/api.w.org\/{rel}","templated":true}]}}