{"id":1257,"date":"2017-02-14T17:23:41","date_gmt":"2017-02-14T16:23:41","guid":{"rendered":"http:\/\/espacefunerairearca.com\/?page_id=1257"},"modified":"2026-03-18T22:26:50","modified_gmt":"2026-03-18T22:26:50","slug":"les-recommandations-de-la-gerante","status":"publish","type":"page","link":"https:\/\/espacefunerairearca.com\/index.php\/les-recommandations-de-la-gerante\/","title":{"rendered":"Les recommandations de la g\u00e9rante"},"content":{"rendered":"<p>[vc_row][vc_column][vc_raw_html el_class=\u00a0\u00bbboutonback\u00a0\u00bb]JTNDYnV0dG9uJTIwaWQlM0QlMjJjaGFuZ2VCYWNrZ3JvdW5kJTIyJTIwY2xhc3MlM0QlMjJib3V0b25iYWNrJTIyJTNFQ2hhbmdlciUyMGRlJTIwZm9uZCUzQyUyRmJ1dHRvbiUzRSUwQSUwQSUzQ2RpdiUyMGNsYXNzJTNEJTIyb3V0ZXJfZHBhZ2UlMjIlM0UlM0MlMkZkaXYlM0UlMEElM0NwJTIwY2xhc3MlM0QlMjJjdXN0b20tYmFja2dyb3VuZCUyMiUzRSUzQyUyRnAlM0UlMEElMEElM0NzY3JpcHQlM0UlMEFkb2N1bWVudC5hZGRFdmVudExpc3RlbmVyJTI4JTI3RE9NQ29udGVudExvYWRlZCUyNyUyQyUyMGZ1bmN0aW9uJTI4JTI5JTIwJTdCJTBBJTIwJTIwJTIwJTIwdmFyJTIwY2hhbmdlQnV0dG9uJTIwJTNEJTIwZG9jdW1lbnQuZ2V0RWxlbWVudEJ5SWQlMjglMjdjaGFuZ2VCYWNrZ3JvdW5kJTI3JTI5JTNCJTBBJTIwJTIwJTIwJTIwY2hhbmdlQnV0dG9uLmFkZEV2ZW50TGlzdGVuZXIlMjglMjdjbGljayUyNyUyQyUyMGZ1bmN0aW9uJTI4JTI5JTIwJTdCJTBBJTIwJTIwJTIwJTIwJTIwJTIwJTIwJTIwJTJGJTJGJTIwUyVDMyVBOWxlY3Rpb25uZXolMjB0b3VzJTIwbGVzJTIwJUMzJUE5bCVDMyVBOW1lbnRzJTIwcXVlJTIwdm91cyUyMHZvdWxleiUyMGJhc2N1bGVyJTIwYXZlYyUyMHVuZSUyMGNsYXNzZSUyMGNvbW11bmUlMEElMjAlMjAlMjAlMjAlMjAlMjAlMjAlMjB2YXIlMjBlbGVtZW50cyUyMCUzRCUyMGRvY3VtZW50LnF1ZXJ5U2VsZWN0b3JBbGwlMjglMjcub3V0ZXJfZHBhZ2UlMkMlMjAuY3VzdG9tLWJhY2tncm91bmQlMjclMjklM0IlMEElMjAlMjAlMjAlMjAlMjAlMjAlMjAlMjBlbGVtZW50cy5mb3JFYWNoJTI4ZnVuY3Rpb24lMjhlbCUyOSUyMCU3QiUwQSUyMCUyMCUyMCUyMCUyMCUyMCUyMCUyMCUyMCUyMCUyMCUyMGVsLmNsYXNzTGlzdC50b2dnbGUlMjglMjdhbHRlcm5hdGUtYmFja2dyb3VuZCUyNyUyOSUzQiUwQSUyMCUyMCUyMCUyMCUyMCUyMCUyMCUyMCU3RCUyOSUzQiUwQSUyMCUyMCUyMCUyMCU3RCUyOSUzQiUwQSU3RCUyOSUzQiUwQSUwQSUzQyUyRnNjcmlwdCUzRSUwQSUwQSUzQyUyMS0tJTIwU3R5bGVzJTIwb3B0aW9ubmVscyUyMGRpcmVjdGVtZW50JTIwZGFucyUyMGxhJTIwcGFnZSUyMCUyOGFqb3V0ZXIlMjBkYW5zJTIwbGElMjBzZWN0aW9uJTIwJTNDaGVhZCUzRSUyMHNpJTIwcG9zc2libGUlMjklMjAtLSUzRSUwQSUzQ3N0eWxlJTNFJTBBLm91dGVyX2RwYWdlJTJDJTIwLmN1c3RvbS1iYWNrZ3JvdW5kJTIwJTdCJTBBJTIwJTIwJTIwJTIwYmFja2dyb3VuZC1jb2xvciUzQSUyMCUyM0NCQkRCMCUzQiUyMCUyRiUyQSUyMENvdWxldXIlMjBkZSUyMGZvbmQlMjBwYXIlMjBkJUMzJUE5ZmF1dCUyMCUyQSUyRiUwQSUyMCUyMCUyMCUyMHBhZGRpbmclM0ElMjAwcHglM0IlMEElMjAlMjAlMjAlMjBtYXJnaW4tdG9wJTNBJTIwLTIwcHglM0IlMEElN0QlMEElMEEuYWx0ZXJuYXRlLWJhY2tncm91bmQlMjAlN0IlMEElMjAlMjAlMjAlMjBiYWNrZ3JvdW5kLWNvbG9yJTNBJTIwJTIzZmZmZmZmJTNCJTIwJTJGJTJBJTIwQ291bGV1ciUyMGRlJTIwZm9uZCUyMGFsdGVybmF0aWYlMjAlMkElMkYlMEElN0QlMEElMEElM0MlMkZzdHlsZSUzRSUwQQ==[\/vc_raw_html][\/vc_column][\/vc_row][vc_row][vc_column][vc_single_image image=\u00a0\u00bb2837&Prime; img_size=\u00a0\u00bbfull\u00a0\u00bb alignment=\u00a0\u00bbcenter\u00a0\u00bb css_animation=\u00a0\u00bbzoomInUp\u00a0\u00bb][vc_empty_space height=\u00a0\u00bb10px\u00a0\u00bb][\/vc_column][\/vc_row][vc_row][vc_column width=\u00a0\u00bb1\/4&Prime; css=\u00a0\u00bb.vc_custom_1714790732342{margin-top: -30px !important;}\u00a0\u00bb][vc_single_image image=\u00a0\u00bb4525&Prime; img_size=\u00a0\u00bbfull\u00a0\u00bb alignment=\u00a0\u00bbcenter\u00a0\u00bb][vc_column_text css=\u00a0\u00bb.vc_custom_1773872054376{margin-top: -20px !important;}\u00a0\u00bb el_class=\u00a0\u00bbouter_dpage p\u00a0\u00bb]<\/p>\n<p style=\"text-align: center;\"><strong>Espace Fun\u00e9raire ARCA<\/strong><\/p>\n<p>[\/vc_column_text][\/vc_column][vc_column width=\u00a0\u00bb3\/4&Prime;][vc_empty_space height=\u00a0\u00bb0px\u00a0\u00bb][vc_column_text el_class=\u00a0\u00bbouter_dpage p\u00a0\u00bb]<em><strong>Madame, Monsieur,<\/strong><\/em><\/p>\n<p>&nbsp;<\/p>\n<p><em><strong>Vous venez de perdre un membre de votre famille ; un \u00eatre tr\u00e8s cher. <\/strong><\/em><br \/>\n<em> <strong>En ce moment \u00f4 combien difficile, tr\u00e8s souvent in\u00e9dit pour vous, il est important de vous entourer de l\u2019expertise, de l\u2019assistance, du soutien, des conseils et du d\u00e9vouement de vrais professionnels.<\/strong><\/em>[\/vc_column_text][\/vc_column][\/vc_row][vc_row equal_height=\u00a0\u00bbyes\u00a0\u00bb][vc_column][vc_empty_space height=\u00a0\u00bb10px\u00a0\u00bb][vc_column_text el_class=\u00a0\u00bbouter_dpage p link-color\u00a0\u00bb]<\/p>\n<div style=\"text-align: justify;\">\n<blockquote>\n<h2><em><strong>  Vous avez choisi l\u2019Espace Fun\u00e9raire ARCA pour \u00eatre \u00e0 vos c\u00f4t\u00e9s.<\/strong><\/em><\/h2>\n<\/blockquote>\n<p>Notre savoir faire et notre bonne ma\u00eetrise de la l\u00e9gislation fun\u00e9raire garantissent la tranquillit\u00e9 et la s\u00e9r\u00e9nit\u00e9 dont vous avez besoin en cette circonstance. <strong>Merci pour la confiance que vous nous t\u00e9moignez.<\/strong><br \/>\nAvec mon \u00e9quipe, je m\u2019engage \u00e0 mettre en \u0153uvre toutes vos attentes pour \u00eatre \u00e0 la hauteur de vos esp\u00e9rances et m\u00e9riter votre confiance.<\/p>\n<p><b>Vous trouverez dans les onglets \u00ab Pr\u00e9sentation \u00bb et \u00ab Nos recommandations \u00bb :<\/b><\/p>\n<div style=\"border: double 3px #4D4344; padding: 40px; border-radius: 8px; background-color: #e4e0e0;\">\n<p><strong>&gt;&gt; Cinq rubriques intitul\u00e9es :<\/strong><\/p>\n<ol>\n<li style=\"list-style-type: none;\">\n<ol>\n<li style=\"list-style-type: none;\">\n<ol>\n<li style=\"list-style-type: none;\">\n<ol>\n<li>Les <a class=\"link-color\" title=\"premi\u00e8res d\u00e9marches\" href=\"\/index.php\/premieres-demarches\" target=\"_blank\" rel=\"noopener noreferrer\">premi\u00e8res d\u00e9marches<\/a>,<\/li>\n<li>L\u2019<a class=\"link-color\" title=\"organisation des fun\u00e9railles\" href=\"\/index.php\/organisation-des-funerailles\" target=\"_blank\" rel=\"noopener noreferrer\">organisation des fun\u00e9railles<\/a>,<\/li>\n<li><a class=\"link-color\" title=\"R\u00e9gler les probl\u00e8mes administratifs\" href=\"\/index.php\/regler-les-problemes-administratifs\" target=\"_blank\" rel=\"noopener noreferrer\">R\u00e9gler les d\u00e9marches administratives<\/a>,<\/li>\n<li>une rubrique \u00ab <a class=\"link-color\" title=\"ARCA \u00e0 vos c\u00f4t\u00e9s\" href=\"\/index.php\/arca-a-vos-cotes\" target=\"_blank\" rel=\"noopener noreferrer\"><i>ARCA \u00e0 vos c\u00f4t\u00e9s<\/i><\/a> \u00bb, sur laquelle, je vous pr\u00e9sente sommairement, l\u2019entreprise dont j\u2019ai l\u2019honneur de diriger, avec son personnel et ses \u00e9quipements,<\/li>\n<li>la \u00ab <a class=\"link-color\" title=\"d\u00e9ontologie professionnelle\" href=\"\/index.php\/la-deontologie-professionnelle\" target=\"_blank\" rel=\"noopener noreferrer\">d\u00e9ontologie professionnelle<\/a> \u00bb.<\/li>\n<\/ol>\n<\/li>\n<\/ol>\n<\/li>\n<\/ol>\n<\/li>\n<\/ol>\n<\/div>\n<p>&nbsp;<\/p>\n<p>\u2794 Dans l\u2019onglet \u00ab <a title=\"Infos pratiques\" href=\"\/index.php\/infos-pratiques\"><span style=\"color: #ed2470;\"><strong>Infos pratiques<\/strong><\/span><\/a>\u00ab , vous aurez des fiches pratiques en t\u00e9l\u00e9chargement.<\/p>\n<p>Si la pr\u00e9sentation du d\u00e9funt se fait dans un salon ARCA, mes services vous ont remis un trousseau de cl\u00e9s que vous devez nous restituer \u00e0 l\u2019issue de la c\u00e9r\u00e9monie.<\/p><\/div>\n<p>[\/vc_column_text][vc_empty_space][\/vc_column][\/vc_row][vc_row css=\u00a0\u00bb.vc_custom_1714820519161{margin-top: -40px !important;}\u00a0\u00bb][vc_column width=\u00a0\u00bb1\/4&Prime;][vc_single_image image=\u00a0\u00bb4530&Prime; img_size=\u00a0\u00bbfull\u00a0\u00bb alignment=\u00a0\u00bbcenter\u00a0\u00bb][vc_column_text el_class=\u00a0\u00bbouter_dpage p\u00a0\u00bb css=\u00a0\u00bb.vc_custom_1715024547057{margin-top: -20px !important;}\u00a0\u00bb]<\/p>\n<p style=\"text-align: center;\"><strong>Salon Diamant<\/strong><\/p>\n<p>[\/vc_column_text][\/vc_column][vc_column width=\u00a0\u00bb3\/4&Prime;][vc_empty_space height=\u00a0\u00bb72px\u00a0\u00bb][vc_column_text el_class=\u00a0\u00bbouter_dpage p\u00a0\u00bb]<span class=\"BxUVEf ILfuVd\" lang=\"fr\"><span class=\"hgKElc\" style=\"color: #ed2470;\">\u2b1b<\/span><\/span> la cl\u00e9 du salon de pr\u00e9sentation,<\/p>\n<p><span class=\"BxUVEf ILfuVd\" lang=\"fr\" style=\"color: #ed2470;\"><span class=\"hgKElc\">\u2b1b<\/span><\/span> celle de la caf\u00e9t\u00e9ria,<\/p>\n<p><span class=\"BxUVEf ILfuVd\" lang=\"fr\" style=\"color: #ed2470;\"><span class=\"hgKElc\">\u2b1b<\/span><\/span> celle des toilettes,<\/p>\n<p><span class=\"BxUVEf ILfuVd\" lang=\"fr\" style=\"color: #ed2470;\"><span class=\"hgKElc\">\u2b1b<\/span><\/span> celle de la cabine pour s\u2019habiller qui se trouve au niveau des bureaux (Basse\u00adTerre uniquement).[\/vc_column_text][\/vc_column][\/vc_row][vc_row equal_height=\u00a0\u00bbyes\u00a0\u00bb][vc_column][vc_column_text el_class=\u00a0\u00bbouter_dpage p\u00a0\u00bb]Je vous rappelle par ailleurs que l&rsquo;acc\u00e8s du public dans les <strong>salons ARCA<\/strong> est autoris\u00e9 tous les jours de<strong> 1Oh \u00e0 24h (article 5 du r\u00e8glement int\u00e9rieur)<\/strong>. Dans l&rsquo;int\u00e9r\u00eat bien compris de tous, je vous demande de vous y conformer.<\/p>\n<p>Apr\u00e8s la c\u00e9r\u00e9monie, mes services vous remettront votre <strong>facture<\/strong> ainsi qu&rsquo;une <strong>copie des avis d&rsquo;ob\u00ads\u00e8ques<\/strong> diffus\u00e9s sur les ondes radios. Je vous sugg\u00e8re de les ins\u00e9rer dans la pr\u00e9sente pochette ainsi que tous autres documents que vous jugerez utiles <strong>(certificat de d\u00e9c\u00e8s, titre de concession de la s\u00e9pulture, cahier de condol\u00e9ances, copies des hommages, chansons, factures travaux cimeti\u00e8re, fleur).<\/strong><\/p>\n<p>Je vous assure que mon combat est celui de la transparence qui vous garantit des <strong>prix justes<\/strong> et <strong>adapt\u00e9s<\/strong> au budget de chacun, car je veux que mon travail soit irr\u00e9prochable du d\u00e9but \u00e0 la fin, sans aucune zone d&rsquo;ombre.<br \/>\nMais mon combat est aussi celui de la <strong>protection de la nature<\/strong> et des <strong>ressources naturelles<\/strong> de notre plan\u00e8te. Cette volont\u00e9 se traduit par:<\/p>\n<p style=\"padding-left: 40px;\"><span class=\"BxUVEf ILfuVd\" lang=\"fr\"><span class=\"hgKElc\">\u2b1b<\/span><\/span> L&rsquo;installation de <strong>panneaux photovolta\u00efques<\/strong> sur les toitures de nos b\u00e2timents<br \/>\n<span class=\"BxUVEf ILfuVd\" lang=\"fr\"><span class=\"hgKElc\">\u2b1b<\/span><\/span> L&rsquo;achat de <strong>voitures hydrides<\/strong> ou <strong>\u00e9lectriques<\/strong><br \/>\n<span class=\"BxUVEf ILfuVd\" lang=\"fr\"><span class=\"hgKElc\">\u2b1b<\/span><\/span> Un encouragement \u00e0 <strong>covoiturer<\/strong> \u00e0 partir de nos parkings priv\u00e9s s\u00e9curis\u00e9s<\/p>\n<p>Je vous remercie par avance de l&rsquo;attention que vous porterez \u00e0 ce dossier et vous confirme que mes services de r\u00e9ception, technique, d&rsquo;accompagnement et de soutien sont \u00e0 votre disposition pour tout<strong> renseignement compl\u00e9mentaire<\/strong>.<\/p>\n<p>Je vous prie de croire, Madame, Monsieur en l&rsquo;assurance de mon entier d\u00e9vouement.[\/vc_column_text][\/vc_column][\/vc_row][vc_row equal_height=\u00a0\u00bbyes\u00a0\u00bb][vc_column][vc_empty_space][\/vc_column][\/vc_row][vc_row][vc_column width=\u00a0\u00bb1\/4&Prime;][vc_single_image image=\u00a0\u00bb4082&Prime; img_size=\u00a0\u00bbfull\u00a0\u00bb add_caption=\u00a0\u00bbyes\u00a0\u00bb alignment=\u00a0\u00bbcenter\u00a0\u00bb][vc_column_text el_class=\u00a0\u00bbouter_dpage p\u00a0\u00bb]<\/p>\n<p style=\"text-align: center;\"><strong>Salon Topaze<\/strong><\/p>\n<p>[\/vc_column_text][\/vc_column][vc_column width=\u00a0\u00bb1\/4&Prime;][vc_column_text][\/vc_column_text][\/vc_column][vc_column width=\u00a0\u00bb1\/4&Prime;][\/vc_column][vc_column width=\u00a0\u00bb1\/4&Prime;][vc_column_text el_class=\u00a0\u00bbouter_dpage p\u00a0\u00bb]<strong>Georgina ARBAU<\/strong><br \/>\n<small>G\u00e9rante de l\u2019Espace Fun\u00e9raire ARCA<\/small>[\/vc_column_text][\/vc_column][\/vc_row][vc_row][vc_column][vc_empty_space height=\u00a0\u00bb72px\u00a0\u00bb][vc_single_image image=\u00a0\u00bb2837&Prime; img_size=\u00a0\u00bbfull\u00a0\u00bb alignment=\u00a0\u00bbcenter\u00a0\u00bb][vc_empty_space height=\u00a0\u00bb72px\u00a0\u00bb][\/vc_column][\/vc_row]<\/p>\n","protected":false},"excerpt":{"rendered":"<p>[vc_row][vc_column][vc_raw_html el_class=\u00a0\u00bbboutonback\u00a0\u00bb]JTNDYnV0dG9uJTIwaWQlM0QlMjJjaGFuZ2VCYWNrZ3JvdW5kJTIyJTIwY2xhc3MlM0QlMjJib3V0b25iYWNrJTIyJTNFQ2hhbmdlciUyMGRlJTIwZm9uZCUzQyUyRmJ1dHRvbiUzRSUwQSUwQSUzQ2RpdiUyMGNsYXNzJTNEJTIyb3V0ZXJfZHBhZ2UlMjIlM0UlM0MlMkZkaXYlM0UlMEElM0NwJTIwY2xhc3MlM0QlMjJjdXN0b20tYmFja2dyb3VuZCUyMiUzRSUzQyUyRnAlM0UlMEElMEElM0NzY3JpcHQlM0UlMEFkb2N1bWVudC5hZGRFdmVudExpc3RlbmVyJTI4JTI3RE9NQ29udGVudExvYWRlZCUyNyUyQyUyMGZ1bmN0aW9uJTI4JTI5JTIwJTdCJTBBJTIwJTIwJTIwJTIwdmFyJTIwY2hhbmdlQnV0dG9uJTIwJTNEJTIwZG9jdW1lbnQuZ2V0RWxlbWVudEJ5SWQlMjglMjdjaGFuZ2VCYWNrZ3JvdW5kJTI3JTI5JTNCJTBBJTIwJTIwJTIwJTIwY2hhbmdlQnV0dG9uLmFkZEV2ZW50TGlzdGVuZXIlMjglMjdjbGljayUyNyUyQyUyMGZ1bmN0aW9uJTI4JTI5JTIwJTdCJTBBJTIwJTIwJTIwJTIwJTIwJTIwJTIwJTIwJTJGJTJGJTIwUyVDMyVBOWxlY3Rpb25uZXolMjB0b3VzJTIwbGVzJTIwJUMzJUE5bCVDMyVBOW1lbnRzJTIwcXVlJTIwdm91cyUyMHZvdWxleiUyMGJhc2N1bGVyJTIwYXZlYyUyMHVuZSUyMGNsYXNzZSUyMGNvbW11bmUlMEElMjAlMjAlMjAlMjAlMjAlMjAlMjAlMjB2YXIlMjBlbGVtZW50cyUyMCUzRCUyMGRvY3VtZW50LnF1ZXJ5U2VsZWN0b3JBbGwlMjglMjcub3V0ZXJfZHBhZ2UlMkMlMjAuY3VzdG9tLWJhY2tncm91bmQlMjclMjklM0IlMEElMjAlMjAlMjAlMjAlMjAlMjAlMjAlMjBlbGVtZW50cy5mb3JFYWNoJTI4ZnVuY3Rpb24lMjhlbCUyOSUyMCU3QiUwQSUyMCUyMCUyMCUyMCUyMCUyMCUyMCUyMCUyMCUyMCUyMCUyMGVsLmNsYXNzTGlzdC50b2dnbGUlMjglMjdhbHRlcm5hdGUtYmFja2dyb3VuZCUyNyUyOSUzQiUwQSUyMCUyMCUyMCUyMCUyMCUyMCUyMCUyMCU3RCUyOSUzQiUwQSUyMCUyMCUyMCUyMCU3RCUyOSUzQiUwQSU3RCUyOSUzQiUwQSUwQSUzQyUyRnNjcmlwdCUzRSUwQSUwQSUzQyUyMS0tJTIwU3R5bGVzJTIwb3B0aW9ubmVscyUyMGRpcmVjdGVtZW50JTIwZGFucyUyMGxhJTIwcGFnZSUyMCUyOGFqb3V0ZXIlMjBkYW5zJTIwbGElMjBzZWN0aW9uJTIwJTNDaGVhZCUzRSUyMHNpJTIwcG9zc2libGUlMjklMjAtLSUzRSUwQSUzQ3N0eWxlJTNFJTBBLm91dGVyX2RwYWdlJTJDJTIwLmN1c3RvbS1iYWNrZ3JvdW5kJTIwJTdCJTBBJTIwJTIwJTIwJTIwYmFja2dyb3VuZC1jb2xvciUzQSUyMCUyM0NCQkRCMCUzQiUyMCUyRiUyQSUyMENvdWxldXIlMjBkZSUyMGZvbmQlMjBwYXIlMjBkJUMzJUE5ZmF1dCUyMCUyQSUyRiUwQSUyMCUyMCUyMCUyMHBhZGRpbmclM0ElMjAwcHglM0IlMEElMjAlMjAlMjAlMjBtYXJnaW4tdG9wJTNBJTIwLTIwcHglM0IlMEElN0QlMEElMEEuYWx0ZXJuYXRlLWJhY2tncm91bmQlMjAlN0IlMEElMjAlMjAlMjAlMjBiYWNrZ3JvdW5kLWNvbG9yJTNBJTIwJTIzZmZmZmZmJTNCJTIwJTJGJTJBJTIwQ291bGV1ciUyMGRlJTIwZm9uZCUyMGFsdGVybmF0aWYlMjAlMkElMkYlMEElN0QlMEElMEElM0MlMkZzdHlsZSUzRSUwQQ==[\/vc_raw_html][\/vc_column][\/vc_row][vc_row][vc_column][vc_single_image image=\u00a0\u00bb2837&Prime; img_size=\u00a0\u00bbfull\u00a0\u00bb alignment=\u00a0\u00bbcenter\u00a0\u00bb css_animation=\u00a0\u00bbzoomInUp\u00a0\u00bb][vc_empty_space height=\u00a0\u00bb10px\u00a0\u00bb][\/vc_column][\/vc_row][vc_row][vc_column width=\u00a0\u00bb1\/4&Prime; css=\u00a0\u00bb.vc_custom_1714790732342{margin-top: -30px !important;}\u00a0\u00bb][vc_single_image image=\u00a0\u00bb4525&Prime; img_size=\u00a0\u00bbfull\u00a0\u00bb alignment=\u00a0\u00bbcenter\u00a0\u00bb][vc_column_text css=\u00a0\u00bb.vc_custom_1773872054376{margin-top: -20px !important;}\u00a0\u00bb el_class=\u00a0\u00bbouter_dpage p\u00a0\u00bb] Espace Fun\u00e9raire ARCA [\/vc_column_text][\/vc_column][vc_column width=\u00a0\u00bb3\/4&Prime;][vc_empty_space height=\u00a0\u00bb0px\u00a0\u00bb][vc_column_text el_class=\u00a0\u00bbouter_dpage p\u00a0\u00bb]Madame, Monsieur, &nbsp; Vous venez de perdre un membre de votre famille ; un \u00eatre tr\u00e8s cher. En ce moment \u00f4 combien difficile, tr\u00e8s souvent in\u00e9dit pour vous, il &hellip; <\/p>\n<p class=\"link-more\"><a href=\"https:\/\/espacefunerairearca.com\/index.php\/les-recommandations-de-la-gerante\/\" class=\"more-link\">Continue reading<span class=\"screen-reader-text\"> \u00ab\u00a0Les recommandations de la g\u00e9rante\u00a0\u00bb<\/span><\/a><\/p>\n","protected":false},"author":1,"featured_media":0,"parent":0,"menu_order":0,"comment_status":"closed","ping_status":"closed","template":"","meta":{"footnotes":""},"class_list":["post-1257","page","type-page","status-publish","hentry"],"_links":{"self":[{"href":"https:\/\/espacefunerairearca.com\/index.php\/wp-json\/wp\/v2\/pages\/1257","targetHints":{"allow":["GET"]}}],"collection":[{"href":"https:\/\/espacefunerairearca.com\/index.php\/wp-json\/wp\/v2\/pages"}],"about":[{"href":"https:\/\/espacefunerairearca.com\/index.php\/wp-json\/wp\/v2\/types\/page"}],"author":[{"embeddable":true,"href":"https:\/\/espacefunerairearca.com\/index.php\/wp-json\/wp\/v2\/users\/1"}],"replies":[{"embeddable":true,"href":"https:\/\/espacefunerairearca.com\/index.php\/wp-json\/wp\/v2\/comments?post=1257"}],"version-history":[{"count":126,"href":"https:\/\/espacefunerairearca.com\/index.php\/wp-json\/wp\/v2\/pages\/1257\/revisions"}],"predecessor-version":[{"id":4531,"href":"https:\/\/espacefunerairearca.com\/index.php\/wp-json\/wp\/v2\/pages\/1257\/revisions\/4531"}],"wp:attachment":[{"href":"https:\/\/espacefunerairearca.com\/index.php\/wp-json\/wp\/v2\/media?parent=1257"}],"curies":[{"name":"wp","href":"https:\/\/api.w.org\/{rel}","templated":true}]}}