{"id":1254,"date":"2017-02-14T17:22:30","date_gmt":"2017-02-14T16:22:30","guid":{"rendered":"http:\/\/espacefunerairearca.com\/?page_id=1254"},"modified":"2026-03-25T20:22:47","modified_gmt":"2026-03-25T20:22:47","slug":"la-deontologie-professionnelle","status":"publish","type":"page","link":"https:\/\/espacefunerairearca.com\/index.php\/la-deontologie-professionnelle\/","title":{"rendered":"La d\u00e9ontologie professionnelle"},"content":{"rendered":"<p>[vc_row full_width=\u00a0\u00bbstretch_row_content_no_spaces\u00a0\u00bb el_id=\u00a0\u00bbbarre-or\u00a0\u00bb][vc_column][\/vc_column][\/vc_row][vc_row][vc_column][vc_row_inner][vc_column_inner][vc_raw_html el_class=\u00a0\u00bbboutonback\u00a0\u00bb]JTNDYnV0dG9uJTIwaWQlM0QlMjJjaGFuZ2VCYWNrZ3JvdW5kJTIyJTIwY2xhc3MlM0QlMjJib3V0b25iYWNrJTIyJTNFQ2hhbmdlciUyMGRlJTIwZm9uZCUzQyUyRmJ1dHRvbiUzRSUwQSUwQSUzQ2RpdiUyMGNsYXNzJTNEJTIyb3V0ZXJfZHBhZ2UlMjIlM0UlM0MlMkZkaXYlM0UlMEElM0NwJTIwY2xhc3MlM0QlMjJjdXN0b20tYmFja2dyb3VuZCUyMiUzRSUzQyUyRnAlM0UlMEElMEElM0NzY3JpcHQlM0UlMEFkb2N1bWVudC5hZGRFdmVudExpc3RlbmVyJTI4JTI3RE9NQ29udGVudExvYWRlZCUyNyUyQyUyMGZ1bmN0aW9uJTI4JTI5JTIwJTdCJTBBJTIwJTIwJTIwJTIwdmFyJTIwY2hhbmdlQnV0dG9uJTIwJTNEJTIwZG9jdW1lbnQuZ2V0RWxlbWVudEJ5SWQlMjglMjdjaGFuZ2VCYWNrZ3JvdW5kJTI3JTI5JTNCJTBBJTIwJTIwJTIwJTIwY2hhbmdlQnV0dG9uLmFkZEV2ZW50TGlzdGVuZXIlMjglMjdjbGljayUyNyUyQyUyMGZ1bmN0aW9uJTI4JTI5JTIwJTdCJTBBJTIwJTIwJTIwJTIwJTIwJTIwJTIwJTIwJTJGJTJGJTIwUyVDMyVBOWxlY3Rpb25uZXolMjB0b3VzJTIwbGVzJTIwJUMzJUE5bCVDMyVBOW1lbnRzJTIwcXVlJTIwdm91cyUyMHZvdWxleiUyMGJhc2N1bGVyJTIwYXZlYyUyMHVuZSUyMGNsYXNzZSUyMGNvbW11bmUlMEElMjAlMjAlMjAlMjAlMjAlMjAlMjAlMjB2YXIlMjBlbGVtZW50cyUyMCUzRCUyMGRvY3VtZW50LnF1ZXJ5U2VsZWN0b3JBbGwlMjglMjcub3V0ZXJfZHBhZ2UlMkMlMjAuY3VzdG9tLWJhY2tncm91bmQlMjclMjklM0IlMEElMjAlMjAlMjAlMjAlMjAlMjAlMjAlMjBlbGVtZW50cy5mb3JFYWNoJTI4ZnVuY3Rpb24lMjhlbCUyOSUyMCU3QiUwQSUyMCUyMCUyMCUyMCUyMCUyMCUyMCUyMCUyMCUyMCUyMCUyMGVsLmNsYXNzTGlzdC50b2dnbGUlMjglMjdhbHRlcm5hdGUtYmFja2dyb3VuZCUyNyUyOSUzQiUwQSUyMCUyMCUyMCUyMCUyMCUyMCUyMCUyMCU3RCUyOSUzQiUwQSUyMCUyMCUyMCUyMCU3RCUyOSUzQiUwQSU3RCUyOSUzQiUwQSUwQSUzQyUyRnNjcmlwdCUzRSUwQSUwQSUzQyUyMS0tJTIwU3R5bGVzJTIwb3B0aW9ubmVscyUyMGRpcmVjdGVtZW50JTIwZGFucyUyMGxhJTIwcGFnZSUyMCUyOGFqb3V0ZXIlMjBkYW5zJTIwbGElMjBzZWN0aW9uJTIwJTNDaGVhZCUzRSUyMHNpJTIwcG9zc2libGUlMjklMjAtLSUzRSUwQSUzQ3N0eWxlJTNFJTBBLm91dGVyX2RwYWdlJTJDJTIwLmN1c3RvbS1iYWNrZ3JvdW5kJTIwJTdCJTBBJTIwJTIwJTIwJTIwYmFja2dyb3VuZC1jb2xvciUzQSUyMCUyM0NCQkRCMCUzQiUyMCUyRiUyQSUyMENvdWxldXIlMjBkZSUyMGZvbmQlMjBwYXIlMjBkJUMzJUE5ZmF1dCUyMCUyQSUyRiUwQSUyMCUyMCUyMCUyMHBhZGRpbmclM0ElMjAwcHglM0IlMEElMjAlMjAlMjAlMjBtYXJnaW4tdG9wJTNBJTIwLTIwcHglM0IlMEElN0QlMEElMEEuYWx0ZXJuYXRlLWJhY2tncm91bmQlMjAlN0IlMEElMjAlMjAlMjAlMjBiYWNrZ3JvdW5kLWNvbG9yJTNBJTIwJTIzZmZmZmZmJTNCJTIwJTJGJTJBJTIwQ291bGV1ciUyMGRlJTIwZm9uZCUyMGFsdGVybmF0aWYlMjAlMkElMkYlMEElN0QlMEElMEElM0MlMkZzdHlsZSUzRSUwQQ==[\/vc_raw_html][\/vc_column_inner][\/vc_row_inner][vc_single_image image=\u00a0\u00bb2837&Prime; img_size=\u00a0\u00bbfull\u00a0\u00bb alignment=\u00a0\u00bbcenter\u00a0\u00bb][vc_wp_text el_class=\u00a0\u00bbouter_dpage p\u00a0\u00bb]<\/p>\n<h4 style=\"text-align: left; text-transform: uppercase;\">\u25b6 Code de d\u00e9ontologie de la Conf\u00e9d\u00e9ration des Professionnels du Fun\u00e9raire et de la Marbrerie (CPFM)<\/h4>\n<p>[\/vc_wp_text][vc_separator color=\u00a0\u00bbcustom\u00a0\u00bb style=\u00a0\u00bbdashed\u00a0\u00bb border_width=\u00a0\u00bb2&Prime; accent_color=\u00a0\u00bb#4d4344&Prime; css=\u00a0\u00bb.vc_custom_1715006926881{margin-top: -40px !important;}\u00a0\u00bb][vc_column_text el_class=\u00a0\u00bbouter_dpage p\u00a0\u00bb]<\/p>\n<div class=\"wpb_text_column wpb_content_element\">\n<div class=\"wpb_wrapper\" style=\"text-align: justify;\">\n<h5>Les entreprises adh\u00e9rentes \u00e0 la CPFM appliquent les r\u00e8gles d\u2019\u00e9thique contenues dans le code de d\u00e9ontologie suivant :<\/h5>\n<div style=\"border: double 3px #4D4344; padding: 40px; border-radius: 8px; background-color: #e4e0e0;\">\n<ol>\n<li style=\"list-style-type: none;\">\n<ol>\n<li style=\"list-style-type: none;\">\n<ol>\n<li>Le professionnel du fun\u00e9raire est au service des familles. Il doit apporter tous ses soins \u00e0 leur donner satisfaction en respectant totalement leurs croyances et leur libert\u00e9.<\/li>\n<li>Participant \u00e0 une mission de service public, il doit respecter \u00e0 la lettre et l\u2019esprit de l\u2019ensemble des lois et r\u00e8glements \u00e9tablis pour en garantir la dignit\u00e9 et le bon ordre.<\/li>\n<li>Il est soumis au secret professionnel et doit se garder soigneusement de toute ing\u00e9rence dans les questions d\u2019ordre familial dont il peut avoir \u00e0 conna\u00eetre dans l\u2019exercice de sa profession, ainsi que toute indiscr\u00e9tion.<\/li>\n<li>L\u2019activit\u00e9 des services fun\u00e9raires est exerc\u00e9e en toute libert\u00e9, dans le cadre des lois, r\u00e8glements et contrats qui l\u2019organisent. D\u00e8s lors, les entrepreneurs doivent s\u2019abstenir de tout comportement de nature \u00e0 fausser ou entraver le libre jeu de la concurrence.<\/li>\n<li>L\u2019entrepreneur s\u2019interdit de peser sur le choix des familles, directement ou par interm\u00e9diaire. Il les conseille avec discernement, en favorisant l\u2019exercice r\u00e9el de leur libert\u00e9 de choix par la pr\u00e9sentation d\u2019une gamme \u00e9tendue de produits et de services de qualit\u00e9.<\/li>\n<li>Il doit tenir ses tarifs \u00e0 la disposition du public. Toutes ses interventions doivent faire l\u2019objet d\u2019un devis pr\u00e9alable et pr\u00e9cis et d\u2019une facture sinc\u00e8re et v\u00e9ridique.<\/li>\n<li>Il veille \u00e0 ce que les services et fournitures convenus soient assur\u00e9s avec rigueur. L\u2019organisation et le d\u00e9roulement du c\u00e9r\u00e9monial doivent donner aux obs\u00e8ques le caract\u00e8re requis par la famille ou les circonstances.<\/li>\n<li>Il exige de ses agents tenue, correction, discr\u00e9tion et probit\u00e9. Il leur assure, \u00e0 cet effet, la formation n\u00e9cessaire dans le cadre des lois existantes.<\/li>\n<li>Son action aupr\u00e8s du public, par l\u2019interm\u00e9diaire des m\u00e9dias, doit \u00eatre men\u00e9e avec tact et mesure.<\/li>\n<li>Il \u00e9tablit et entretient avec ses confr\u00e8res des rapports r\u00e9ciproques empreints de correction et de loyaut\u00e9.<\/li>\n<\/ol>\n<\/li>\n<\/ol>\n<\/li>\n<\/ol>\n<\/div>\n<div><\/div>\n<p><em><strong>ARCA est signataire des codes de d\u00e9ontologie tant au niveau national qu\u2019au niveau europ\u00e9en par le biais de la conf\u00e9d\u00e9ration des professionnels du fun\u00e9raire et de la marbrerie (CPFM).<\/strong><\/em><\/p>\n<\/div>\n<\/div>\n<p>[\/vc_column_text][vc_single_image image=\u00a0\u00bb2837&Prime; img_size=\u00a0\u00bbfull\u00a0\u00bb alignment=\u00a0\u00bbcenter\u00a0\u00bb][vc_empty_space height=\u00a0\u00bb72px\u00a0\u00bb][\/vc_column][\/vc_row]<\/p>\n","protected":false},"excerpt":{"rendered":"<p>[vc_row full_width=\u00a0\u00bbstretch_row_content_no_spaces\u00a0\u00bb el_id=\u00a0\u00bbbarre-or\u00a0\u00bb][vc_column][\/vc_column][\/vc_row][vc_row][vc_column][vc_row_inner][vc_column_inner][vc_raw_html el_class=\u00a0\u00bbboutonback\u00a0\u00bb]JTNDYnV0dG9uJTIwaWQlM0QlMjJjaGFuZ2VCYWNrZ3JvdW5kJTIyJTIwY2xhc3MlM0QlMjJib3V0b25iYWNrJTIyJTNFQ2hhbmdlciUyMGRlJTIwZm9uZCUzQyUyRmJ1dHRvbiUzRSUwQSUwQSUzQ2RpdiUyMGNsYXNzJTNEJTIyb3V0ZXJfZHBhZ2UlMjIlM0UlM0MlMkZkaXYlM0UlMEElM0NwJTIwY2xhc3MlM0QlMjJjdXN0b20tYmFja2dyb3VuZCUyMiUzRSUzQyUyRnAlM0UlMEElMEElM0NzY3JpcHQlM0UlMEFkb2N1bWVudC5hZGRFdmVudExpc3RlbmVyJTI4JTI3RE9NQ29udGVudExvYWRlZCUyNyUyQyUyMGZ1bmN0aW9uJTI4JTI5JTIwJTdCJTBBJTIwJTIwJTIwJTIwdmFyJTIwY2hhbmdlQnV0dG9uJTIwJTNEJTIwZG9jdW1lbnQuZ2V0RWxlbWVudEJ5SWQlMjglMjdjaGFuZ2VCYWNrZ3JvdW5kJTI3JTI5JTNCJTBBJTIwJTIwJTIwJTIwY2hhbmdlQnV0dG9uLmFkZEV2ZW50TGlzdGVuZXIlMjglMjdjbGljayUyNyUyQyUyMGZ1bmN0aW9uJTI4JTI5JTIwJTdCJTBBJTIwJTIwJTIwJTIwJTIwJTIwJTIwJTIwJTJGJTJGJTIwUyVDMyVBOWxlY3Rpb25uZXolMjB0b3VzJTIwbGVzJTIwJUMzJUE5bCVDMyVBOW1lbnRzJTIwcXVlJTIwdm91cyUyMHZvdWxleiUyMGJhc2N1bGVyJTIwYXZlYyUyMHVuZSUyMGNsYXNzZSUyMGNvbW11bmUlMEElMjAlMjAlMjAlMjAlMjAlMjAlMjAlMjB2YXIlMjBlbGVtZW50cyUyMCUzRCUyMGRvY3VtZW50LnF1ZXJ5U2VsZWN0b3JBbGwlMjglMjcub3V0ZXJfZHBhZ2UlMkMlMjAuY3VzdG9tLWJhY2tncm91bmQlMjclMjklM0IlMEElMjAlMjAlMjAlMjAlMjAlMjAlMjAlMjBlbGVtZW50cy5mb3JFYWNoJTI4ZnVuY3Rpb24lMjhlbCUyOSUyMCU3QiUwQSUyMCUyMCUyMCUyMCUyMCUyMCUyMCUyMCUyMCUyMCUyMCUyMGVsLmNsYXNzTGlzdC50b2dnbGUlMjglMjdhbHRlcm5hdGUtYmFja2dyb3VuZCUyNyUyOSUzQiUwQSUyMCUyMCUyMCUyMCUyMCUyMCUyMCUyMCU3RCUyOSUzQiUwQSUyMCUyMCUyMCUyMCU3RCUyOSUzQiUwQSU3RCUyOSUzQiUwQSUwQSUzQyUyRnNjcmlwdCUzRSUwQSUwQSUzQyUyMS0tJTIwU3R5bGVzJTIwb3B0aW9ubmVscyUyMGRpcmVjdGVtZW50JTIwZGFucyUyMGxhJTIwcGFnZSUyMCUyOGFqb3V0ZXIlMjBkYW5zJTIwbGElMjBzZWN0aW9uJTIwJTNDaGVhZCUzRSUyMHNpJTIwcG9zc2libGUlMjklMjAtLSUzRSUwQSUzQ3N0eWxlJTNFJTBBLm91dGVyX2RwYWdlJTJDJTIwLmN1c3RvbS1iYWNrZ3JvdW5kJTIwJTdCJTBBJTIwJTIwJTIwJTIwYmFja2dyb3VuZC1jb2xvciUzQSUyMCUyM0NCQkRCMCUzQiUyMCUyRiUyQSUyMENvdWxldXIlMjBkZSUyMGZvbmQlMjBwYXIlMjBkJUMzJUE5ZmF1dCUyMCUyQSUyRiUwQSUyMCUyMCUyMCUyMHBhZGRpbmclM0ElMjAwcHglM0IlMEElMjAlMjAlMjAlMjBtYXJnaW4tdG9wJTNBJTIwLTIwcHglM0IlMEElN0QlMEElMEEuYWx0ZXJuYXRlLWJhY2tncm91bmQlMjAlN0IlMEElMjAlMjAlMjAlMjBiYWNrZ3JvdW5kLWNvbG9yJTNBJTIwJTIzZmZmZmZmJTNCJTIwJTJGJTJBJTIwQ291bGV1ciUyMGRlJTIwZm9uZCUyMGFsdGVybmF0aWYlMjAlMkElMkYlMEElN0QlMEElMEElM0MlMkZzdHlsZSUzRSUwQQ==[\/vc_raw_html][\/vc_column_inner][\/vc_row_inner][vc_single_image image=\u00a0\u00bb2837&Prime; img_size=\u00a0\u00bbfull\u00a0\u00bb alignment=\u00a0\u00bbcenter\u00a0\u00bb][vc_wp_text el_class=\u00a0\u00bbouter_dpage p\u00a0\u00bb] \u25b6 Code de d\u00e9ontologie de la Conf\u00e9d\u00e9ration des Professionnels du Fun\u00e9raire et de la Marbrerie (CPFM) [\/vc_wp_text][vc_separator color=\u00a0\u00bbcustom\u00a0\u00bb style=\u00a0\u00bbdashed\u00a0\u00bb border_width=\u00a0\u00bb2&Prime; accent_color=\u00a0\u00bb#4d4344&Prime; css=\u00a0\u00bb.vc_custom_1715006926881{margin-top: -40px !important;}\u00a0\u00bb][vc_column_text el_class=\u00a0\u00bbouter_dpage p\u00a0\u00bb] Les entreprises adh\u00e9rentes \u00e0 la CPFM appliquent les r\u00e8gles d\u2019\u00e9thique contenues dans le code de d\u00e9ontologie suivant : Le professionnel &hellip; <\/p>\n<p class=\"link-more\"><a href=\"https:\/\/espacefunerairearca.com\/index.php\/la-deontologie-professionnelle\/\" class=\"more-link\">Continue reading<span class=\"screen-reader-text\"> \u00ab\u00a0La d\u00e9ontologie professionnelle\u00a0\u00bb<\/span><\/a><\/p>\n","protected":false},"author":1,"featured_media":2837,"parent":0,"menu_order":0,"comment_status":"closed","ping_status":"closed","template":"","meta":{"footnotes":""},"class_list":["post-1254","page","type-page","status-publish","has-post-thumbnail","hentry"],"_links":{"self":[{"href":"https:\/\/espacefunerairearca.com\/index.php\/wp-json\/wp\/v2\/pages\/1254","targetHints":{"allow":["GET"]}}],"collection":[{"href":"https:\/\/espacefunerairearca.com\/index.php\/wp-json\/wp\/v2\/pages"}],"about":[{"href":"https:\/\/espacefunerairearca.com\/index.php\/wp-json\/wp\/v2\/types\/page"}],"author":[{"embeddable":true,"href":"https:\/\/espacefunerairearca.com\/index.php\/wp-json\/wp\/v2\/users\/1"}],"replies":[{"embeddable":true,"href":"https:\/\/espacefunerairearca.com\/index.php\/wp-json\/wp\/v2\/comments?post=1254"}],"version-history":[{"count":34,"href":"https:\/\/espacefunerairearca.com\/index.php\/wp-json\/wp\/v2\/pages\/1254\/revisions"}],"predecessor-version":[{"id":4564,"href":"https:\/\/espacefunerairearca.com\/index.php\/wp-json\/wp\/v2\/pages\/1254\/revisions\/4564"}],"wp:featuredmedia":[{"embeddable":true,"href":"https:\/\/espacefunerairearca.com\/index.php\/wp-json\/wp\/v2\/media\/2837"}],"wp:attachment":[{"href":"https:\/\/espacefunerairearca.com\/index.php\/wp-json\/wp\/v2\/media?parent=1254"}],"curies":[{"name":"wp","href":"https:\/\/api.w.org\/{rel}","templated":true}]}}