{"id":1251,"date":"2017-02-14T17:21:19","date_gmt":"2017-02-14T16:21:19","guid":{"rendered":"http:\/\/espacefunerairearca.com\/?page_id=1251"},"modified":"2026-03-18T22:06:21","modified_gmt":"2026-03-18T22:06:21","slug":"arca-a-vos-cotes","status":"publish","type":"page","link":"https:\/\/espacefunerairearca.com\/index.php\/arca-a-vos-cotes\/","title":{"rendered":"Arca \u00e0 vos c\u00f4t\u00e9s"},"content":{"rendered":"<p>[vc_row][vc_column][vc_raw_html el_class=\u00a0\u00bbboutonback\u00a0\u00bb]JTNDYnV0dG9uJTIwaWQlM0QlMjJjaGFuZ2VCYWNrZ3JvdW5kJTIyJTIwY2xhc3MlM0QlMjJib3V0b25iYWNrJTIyJTNFQ2hhbmdlciUyMGRlJTIwZm9uZCUzQyUyRmJ1dHRvbiUzRSUwQSUwQSUzQ2RpdiUyMGNsYXNzJTNEJTIyb3V0ZXJfZHBhZ2UlMjIlM0UlM0MlMkZkaXYlM0UlMEElM0NwJTIwY2xhc3MlM0QlMjJjdXN0b20tYmFja2dyb3VuZCUyMiUzRSUzQyUyRnAlM0UlMEElMEElM0NzY3JpcHQlM0UlMEFkb2N1bWVudC5hZGRFdmVudExpc3RlbmVyJTI4JTI3RE9NQ29udGVudExvYWRlZCUyNyUyQyUyMGZ1bmN0aW9uJTI4JTI5JTIwJTdCJTBBJTIwJTIwJTIwJTIwdmFyJTIwY2hhbmdlQnV0dG9uJTIwJTNEJTIwZG9jdW1lbnQuZ2V0RWxlbWVudEJ5SWQlMjglMjdjaGFuZ2VCYWNrZ3JvdW5kJTI3JTI5JTNCJTBBJTIwJTIwJTIwJTIwY2hhbmdlQnV0dG9uLmFkZEV2ZW50TGlzdGVuZXIlMjglMjdjbGljayUyNyUyQyUyMGZ1bmN0aW9uJTI4JTI5JTIwJTdCJTBBJTIwJTIwJTIwJTIwJTIwJTIwJTIwJTIwJTJGJTJGJTIwUyVDMyVBOWxlY3Rpb25uZXolMjB0b3VzJTIwbGVzJTIwJUMzJUE5bCVDMyVBOW1lbnRzJTIwcXVlJTIwdm91cyUyMHZvdWxleiUyMGJhc2N1bGVyJTIwYXZlYyUyMHVuZSUyMGNsYXNzZSUyMGNvbW11bmUlMEElMjAlMjAlMjAlMjAlMjAlMjAlMjAlMjB2YXIlMjBlbGVtZW50cyUyMCUzRCUyMGRvY3VtZW50LnF1ZXJ5U2VsZWN0b3JBbGwlMjglMjcub3V0ZXJfZHBhZ2UlMkMlMjAuY3VzdG9tLWJhY2tncm91bmQlMjclMjklM0IlMEElMjAlMjAlMjAlMjAlMjAlMjAlMjAlMjBlbGVtZW50cy5mb3JFYWNoJTI4ZnVuY3Rpb24lMjhlbCUyOSUyMCU3QiUwQSUyMCUyMCUyMCUyMCUyMCUyMCUyMCUyMCUyMCUyMCUyMCUyMGVsLmNsYXNzTGlzdC50b2dnbGUlMjglMjdhbHRlcm5hdGUtYmFja2dyb3VuZCUyNyUyOSUzQiUwQSUyMCUyMCUyMCUyMCUyMCUyMCUyMCUyMCU3RCUyOSUzQiUwQSUyMCUyMCUyMCUyMCU3RCUyOSUzQiUwQSU3RCUyOSUzQiUwQSUwQSUzQyUyRnNjcmlwdCUzRSUwQSUwQSUzQyUyMS0tJTIwU3R5bGVzJTIwb3B0aW9ubmVscyUyMGRpcmVjdGVtZW50JTIwZGFucyUyMGxhJTIwcGFnZSUyMCUyOGFqb3V0ZXIlMjBkYW5zJTIwbGElMjBzZWN0aW9uJTIwJTNDaGVhZCUzRSUyMHNpJTIwcG9zc2libGUlMjklMjAtLSUzRSUwQSUzQ3N0eWxlJTNFJTBBLm91dGVyX2RwYWdlJTJDJTIwLmN1c3RvbS1iYWNrZ3JvdW5kJTIwJTdCJTBBJTIwJTIwJTIwJTIwYmFja2dyb3VuZC1jb2xvciUzQSUyMCUyM0NCQkRCMCUzQiUyMCUyRiUyQSUyMENvdWxldXIlMjBkZSUyMGZvbmQlMjBwYXIlMjBkJUMzJUE5ZmF1dCUyMCUyQSUyRiUwQSUyMCUyMCUyMCUyMHBhZGRpbmclM0ElMjAwcHglM0IlMEElMjAlMjAlMjAlMjBtYXJnaW4tdG9wJTNBJTIwLTIwcHglM0IlMEElN0QlMEElMEEuYWx0ZXJuYXRlLWJhY2tncm91bmQlMjAlN0IlMEElMjAlMjAlMjAlMjBiYWNrZ3JvdW5kLWNvbG9yJTNBJTIwJTIzZmZmZmZmJTNCJTIwJTJGJTJBJTIwQ291bGV1ciUyMGRlJTIwZm9uZCUyMGFsdGVybmF0aWYlMjAlMkElMkYlMEElN0QlMEElMEElM0MlMkZzdHlsZSUzRSUwQQ==[\/vc_raw_html][\/vc_column][\/vc_row][vc_row full_width=\u00a0\u00bbstretch_row_content_no_spaces\u00a0\u00bb el_id=\u00a0\u00bbbarre-or\u00a0\u00bb][vc_column][vc_single_image image=\u00a0\u00bb2837&Prime; img_size=\u00a0\u00bbfull\u00a0\u00bb alignment=\u00a0\u00bbcenter\u00a0\u00bb][\/vc_column][\/vc_row][vc_row][vc_column][vc_column_text el_class=\u00a0\u00bbouter_dpage p\u00a0\u00bb]<\/p>\n<blockquote>\n<p>J&rsquo;ai la conviction que la performance d&rsquo;une entreprise r\u00e9side dans celle de ses \u00e9quipes et tout singuli\u00e8rement de ses employ\u00e9s ; c&rsquo;est pourquoi la formation, le d\u00e9veloppement des comp\u00e9tences et l&rsquo;\u00e9panouissement de mon personnel sont plac\u00e9s au c\u0153ur de mon action .<\/p>\n<\/blockquote>\n<p>[\/vc_column_text][\/vc_column][\/vc_row][vc_row full_width=\u00a0\u00bbstretch_row\u00a0\u00bb][vc_column][vc_wp_text]<\/p>\n<h3 style=\"text-transform: uppercase; color: #4d4344;\">\u25b6 Son personnel hautement qualifi\u00e9<\/h3>\n<p>[\/vc_wp_text][vc_separator color=\u00a0\u00bbcustom\u00a0\u00bb style=\u00a0\u00bbdashed\u00a0\u00bb border_width=\u00a0\u00bb2&Prime; accent_color=\u00a0\u00bb#4d4344&Prime; css=\u00a0\u00bb.vc_custom_1715049123278{margin-top: -30px !important;}\u00a0\u00bb][\/vc_column][\/vc_row][vc_row][vc_column width=\u00a0\u00bb1\/3&Prime;][vc_single_image image=\u00a0\u00bb4509&Prime; img_size=\u00a0\u00bbfull\u00a0\u00bb alignment=\u00a0\u00bbcenter\u00a0\u00bb][vc_column_text el_class=\u00a0\u00bbouter_dpage p\u00a0\u00bb css=\u00a0\u00bb.vc_custom_1773844348520{margin-top: -20px !important;}\u00a0\u00bb]<\/p>\n<p style=\"text-align: center;\">La Directrice des<br \/>\nRessources Humaines<\/p>\n<p>[\/vc_column_text][\/vc_column][vc_column width=\u00a0\u00bb2\/3&Prime;][vc_empty_space height=\u00a0\u00bb25px\u00a0\u00bb][vc_column_text el_class=\u00a0\u00bbouter_dpage p\u00a0\u00bb]<\/p>\n<div style=\"border: double 3px #4D4344; padding: 60px; border-radius: 8px; background-color: #e4e0e0; height: auto; background-image: url('https:\/\/espacefunerairearca.com\/wp-content\/uploads\/2024\/05\/logoarca-page.fw_.png'); background-position: right top 20px; background-repeat: no-repeat;\">\n<p>Avec :<\/p>\n<ul>\n<li>Une <strong>D<\/strong>irectrice des <strong>R<\/strong>essources <strong>H<\/strong>umaines titulaire du D.U.D.F.<br \/>\n( dipl\u00f4me universitaire en droit fun\u00e9raire, le seul aux Antilles)<\/li>\n<li><strong>Huit conseillers<\/strong> fun\u00e9raires dipl\u00f4m\u00e9s<\/li>\n<li>Un <strong>thanatopracteur<\/strong> dipl\u00f4m\u00e9 d\u2019\u00e9tat<\/li>\n<\/ul>\n<\/div>\n<p>[\/vc_column_text][\/vc_column][\/vc_row][vc_row equal_height=\u00a0\u00bbyes\u00a0\u00bb][vc_column][vc_empty_space][\/vc_column][\/vc_row][vc_row][vc_column width=\u00a0\u00bb1\/3&Prime;][vc_single_image image=\u00a0\u00bb4511&Prime; img_size=\u00a0\u00bbfull\u00a0\u00bb alignment=\u00a0\u00bbcenter\u00a0\u00bb][vc_column_text el_class=\u00a0\u00bbouter_dpage p\u00a0\u00bb css=\u00a0\u00bb.vc_custom_1773837039430{margin-top: -20px !important;}\u00a0\u00bb]<\/p>\n<p style=\"text-align: center;\">Les ma\u00eetres de c\u00e9r\u00e9monie, accompagnateurs et<br \/>\nconseillers fun\u00e9raires<\/p>\n<p>[\/vc_column_text][\/vc_column][vc_column width=\u00a0\u00bb2\/3&Prime;][vc_empty_space height=\u00a0\u00bb15px\u00a0\u00bb][vc_column_text el_class=\u00a0\u00bbouter_dpage p\u00a0\u00bb]<\/p>\n<div style=\"border: double 3px #4D4344; padding: 65px; border-radius: 8px; background-color: #e4e0e0; background-image: url('https:\/\/espacefunerairearca.com\/wp-content\/uploads\/2024\/05\/logoarca-page.fw_.png'); background-position: right top 20px; background-repeat: no-repeat;\">\n<ul>\n<li>Des <strong>secr\u00e9taires<\/strong>, <strong>fleuristes<\/strong>, agents techniques et autres,<br \/>\nr\u00e9guli\u00e8rement en formation et partageant avec la g\u00e9rante la m\u00eame<br \/>\nphilosophie : \u00ab <i>le travail bien fait<\/i> \u00bb, <b>ARCA vous assure des garanties<br \/>\n\u00e9tendues<\/b><\/li>\n<li>Des <strong>ma\u00eetres de c\u00e9r\u00e9monie<\/strong> connus et reconnus pour la qualit\u00e9<br \/>\nde leur organisation<\/li>\n<\/ul>\n<\/div>\n<p>[\/vc_column_text][\/vc_column][\/vc_row][vc_row equal_height=\u00a0\u00bbyes\u00a0\u00bb][vc_column][vc_empty_space][\/vc_column][\/vc_row][vc_row][vc_column][vc_wp_text]<\/p>\n<h3 style=\"text-transform: uppercase; color: #4d4344;\">\u25b6 SES \u00c9QUIPEMENTS LES PLUS MODERNES<\/h3>\n<p>[\/vc_wp_text][vc_separator color=\u00a0\u00bbcustom\u00a0\u00bb style=\u00a0\u00bbdashed\u00a0\u00bb border_width=\u00a0\u00bb2&Prime; accent_color=\u00a0\u00bb#4d4344&Prime; css=\u00a0\u00bb.vc_custom_1715049136400{margin-top: -30px !important;}\u00a0\u00bb][\/vc_column][\/vc_row][vc_row][vc_column width=\u00a0\u00bb1\/3&Prime;][vc_single_image image=\u00a0\u00bb4084&Prime; img_size=\u00a0\u00bbfull\u00a0\u00bb alignment=\u00a0\u00bbcenter\u00a0\u00bb][vc_column_text el_class=\u00a0\u00bbouter_dpage p\u00a0\u00bb css=\u00a0\u00bb.vc_custom_1714876338882{margin-top: -20px !important;}\u00a0\u00bb]<\/p>\n<p style=\"text-align: center;\"><strong>Salon Topaze<\/strong><\/p>\n<p>[\/vc_column_text][\/vc_column][vc_column width=\u00a0\u00bb2\/3&Prime;][vc_empty_space height=\u00a0\u00bb15px\u00a0\u00bb][vc_column_text el_class=\u00a0\u00bbouter_dpage p\u00a0\u00bb]<\/p>\n<div style=\"border: double 3px #4D4344; padding: 65px; border-radius: 8px; background-color: #e4e0e0; background-image: url('https:\/\/espacefunerairearca.com\/wp-content\/uploads\/2024\/05\/logoarca-page.fw_.png'); background-position: right top 20px; background-repeat: no-repeat;\">\n<p>La chambre fun\u00e9raire de Basse-Terre :<\/p>\n<ul>\n<li><strong>5 Salons<\/strong> avec caf\u00e9t\u00e9ria (Diamant, Opale, Topaze, Rubis et Saphir)<\/li>\n<li>1 salle de c\u00e9r\u00e9monies de <strong>174 places assises<\/strong><\/li>\n<li><strong>2 salles techniques<\/strong> pour pr\u00e9paration de corps et soins<br \/>\nde conservation<\/li>\n<li><strong>1 salle de pr\u00e9sentation<\/strong> pour reconnaissance des corps<\/li>\n<\/ul>\n<\/div>\n<p>[\/vc_column_text][\/vc_column][\/vc_row][vc_row equal_height=\u00a0\u00bbyes\u00a0\u00bb][vc_column][vc_empty_space][\/vc_column][\/vc_row][vc_row][vc_column width=\u00a0\u00bb1\/3&Prime;][vc_single_image image=\u00a0\u00bb4514&Prime; img_size=\u00a0\u00bbfull\u00a0\u00bb alignment=\u00a0\u00bbcenter\u00a0\u00bb][vc_column_text el_class=\u00a0\u00bbouter_dpage p\u00a0\u00bb css=\u00a0\u00bb.vc_custom_1773841892663{margin-top: -20px !important;}\u00a0\u00bb]<\/p>\n<p style=\"text-align: center;\">L&rsquo;atelier des gravures<\/p>\n<p>[\/vc_column_text][\/vc_column][vc_column width=\u00a0\u00bb2\/3&Prime;][vc_column_text]<\/p>\n<div style=\"border: double 3px #4D4344; padding: 65px; border-radius: 8px; background-color: #e4e0e0; background-image: url('https:\/\/espacefunerairearca.com\/wp-content\/uploads\/2024\/05\/logoarca-page.fw_.png'); background-position: right top 50px; background-repeat: no-repeat;\">\n<ul>\n<li>1 <strong>magasin de fleurs<\/strong> sp\u00e9cialis\u00e9 dans le fun\u00e9raire<\/li>\n<li>6 <strong>chambres froides<\/strong> (8 cases r\u00e9frig\u00e9r\u00e9es)<\/li>\n<li>1 <strong>atelier de gravure<\/strong> sur marbre. (Plaques mortuaires)<\/li>\n<li>1 cabine pour se changer (s\u2019habiller)<\/li>\n<li>2 <strong>parkings priv\u00e9s<\/strong> de 125 places dont <strong>4 r\u00e9serv\u00e9es aux personnes<\/strong><br \/>\n<strong>\u00e0 mobilit\u00e9 r\u00e9duite<\/strong><\/li>\n<li>1 parking pour v\u00e9hicules \u00e0 2 roues.<\/li>\n<\/ul>\n<\/div>\n<p>[\/vc_column_text][\/vc_column][\/vc_row][vc_row equal_height=\u00a0\u00bbyes\u00a0\u00bb][vc_column][vc_empty_space][\/vc_column][\/vc_row][vc_row][vc_column width=\u00a0\u00bb1\/3&Prime;][vc_single_image image=\u00a0\u00bb3531&Prime; img_size=\u00a0\u00bbfull\u00a0\u00bb alignment=\u00a0\u00bbcenter\u00a0\u00bb][vc_column_text el_class=\u00a0\u00bbouter_dpage p\u00a0\u00bb css=\u00a0\u00bb.vc_custom_1714876379938{margin-top: -20px !important;}\u00a0\u00bb]<\/p>\n<p style=\"text-align: center;\">Le thanatopracteur dipl\u00f4m\u00e9 d\u2019\u00e9tat dans la salle technique.<\/p>\n<p>[\/vc_column_text][\/vc_column][vc_column width=\u00a0\u00bb2\/3&Prime;][vc_column_text el_class=\u00a0\u00bbouter_dpage p\u00a0\u00bb]<\/p>\n<div style=\"border: double 3px #4D4344; padding: 65px; border-radius: 8px; background-color: #e4e0e0; background-image: url('https:\/\/espacefunerairearca.com\/wp-content\/uploads\/2024\/05\/logoarca-page.fw_.png'); background-position: right top 30px; background-repeat: no-repeat;\">\n<p class=\"vc_custom_heading\">La chambre fun\u00e9raire de Vieux-Habitants :<\/p>\n<ul>\n<li>1 salon avec <strong>caf\u00e9t\u00e9ria<\/strong> (Turquoise)<\/li>\n<li>1 <strong>salle technique<\/strong> pour pr\u00e9paration des corps<br \/>\net soins de conservation<\/li>\n<li>1 <strong>chambre froide<\/strong> (2 cases r\u00e9frig\u00e9r\u00e9es)<\/li>\n<li>Des <strong>places de stationnement<\/strong> publiques \u00e0 proximit\u00e9<\/li>\n<\/ul>\n<\/div>\n<p>[\/vc_column_text][\/vc_column][\/vc_row][vc_row][vc_column][vc_wp_text]<\/p>\n<h3 style=\"text-transform: uppercase; color: #4d4344;\">\u25b6 Un tr\u00e8s bon choix qualit\u00e9 prix<\/h3>\n<p>[\/vc_wp_text][vc_separator color=\u00a0\u00bbcustom\u00a0\u00bb style=\u00a0\u00bbdashed\u00a0\u00bb border_width=\u00a0\u00bb2&Prime; accent_color=\u00a0\u00bb#4d4344&Prime; css=\u00a0\u00bb.vc_custom_1715049152081{margin-top: -30px !important;}\u00a0\u00bb][\/vc_column][\/vc_row][vc_row][vc_column width=\u00a0\u00bb1\/3&Prime;][vc_single_image image=\u00a0\u00bb4516&Prime; img_size=\u00a0\u00bbfull\u00a0\u00bb alignment=\u00a0\u00bbcenter\u00a0\u00bb][vc_column_text el_class=\u00a0\u00bbouter_dpage p\u00a0\u00bb css=\u00a0\u00bb.vc_custom_1724886071252{margin-top: -20px !important;}\u00a0\u00bb]<\/p>\n<p style=\"text-align: center;\">Corbillard affect\u00e9 aux Saintes<\/p>\n<p>[\/vc_column_text][\/vc_column][vc_column width=\u00a0\u00bb2\/3&Prime;][vc_column_text el_class=\u00a0\u00bbouter_dpage p\u00a0\u00bb]<\/p>\n<div style=\"border: double 3px #4D4344; padding: 65px; border-radius: 8px; background-color: #e4e0e0; background-image: url('https:\/\/espacefunerairearca.com\/wp-content\/uploads\/2024\/05\/logoarca-page.fw_.png'); background-position: right top 30px; background-repeat: no-repeat;\">\n<ul>\n<li>Une exposition permanente de <strong>18 mod\u00e8les de cercueils<\/strong><br \/>\nr\u00e9guli\u00e8rement renouvel\u00e9e.<\/li>\n<li>Une <strong>organisation fun\u00e9raire<\/strong> respectant votre volont\u00e9 dans ses<br \/>\nmoindres d\u00e9tails ( choix du corbillard, du salon fun\u00e9raire,<br \/>\naccompagnement musical, porteurs, t\u00e9moignages, condol\u00e9ances, \u2026 ).<\/li>\n<li>Un <strong>rapport qualit\u00e9 prix exceptionnel<\/strong>, rendu possible gr\u00e2ce<br \/>\n\u00e0 notre position de leader dans le domaine fun\u00e9raire en Guadeloupe.<\/li>\n<\/ul>\n<\/div>\n<p>[\/vc_column_text][\/vc_column][\/vc_row][vc_row equal_height=\u00a0\u00bbyes\u00a0\u00bb][vc_column][vc_empty_space height=\u00a0\u00bb72px\u00a0\u00bb][\/vc_column][\/vc_row][vc_row][vc_column width=\u00a0\u00bb2\/3&Prime;][vc_column_text el_class=\u00a0\u00bbouter_dpage p\u00a0\u00bb]<strong>\u00abLe travail n&rsquo;honore pas l&rsquo;homme, c&rsquo;est l&rsquo;homme qui honore son travail. Fais bien ce que tu fais\u00bb.<\/strong>[\/vc_column_text][\/vc_column][vc_column width=\u00a0\u00bb1\/3&Prime;][vc_column_text el_class=\u00a0\u00bbouter_dpage p\u00a0\u00bb]<strong>Georgina ARBAU<\/strong><br \/>\n<small>G\u00e9rante de l\u2019Espace Fun\u00e9raire ARCA<\/small>[\/vc_column_text][\/vc_column][\/vc_row][vc_row][vc_column][vc_single_image image=\u00a0\u00bb2837&Prime; img_size=\u00a0\u00bbfull\u00a0\u00bb alignment=\u00a0\u00bbcenter\u00a0\u00bb][\/vc_column][\/vc_row]<\/p>\n","protected":false},"excerpt":{"rendered":"<p>[vc_row][vc_column][vc_raw_html el_class=\u00a0\u00bbboutonback\u00a0\u00bb]JTNDYnV0dG9uJTIwaWQlM0QlMjJjaGFuZ2VCYWNrZ3JvdW5kJTIyJTIwY2xhc3MlM0QlMjJib3V0b25iYWNrJTIyJTNFQ2hhbmdlciUyMGRlJTIwZm9uZCUzQyUyRmJ1dHRvbiUzRSUwQSUwQSUzQ2RpdiUyMGNsYXNzJTNEJTIyb3V0ZXJfZHBhZ2UlMjIlM0UlM0MlMkZkaXYlM0UlMEElM0NwJTIwY2xhc3MlM0QlMjJjdXN0b20tYmFja2dyb3VuZCUyMiUzRSUzQyUyRnAlM0UlMEElMEElM0NzY3JpcHQlM0UlMEFkb2N1bWVudC5hZGRFdmVudExpc3RlbmVyJTI4JTI3RE9NQ29udGVudExvYWRlZCUyNyUyQyUyMGZ1bmN0aW9uJTI4JTI5JTIwJTdCJTBBJTIwJTIwJTIwJTIwdmFyJTIwY2hhbmdlQnV0dG9uJTIwJTNEJTIwZG9jdW1lbnQuZ2V0RWxlbWVudEJ5SWQlMjglMjdjaGFuZ2VCYWNrZ3JvdW5kJTI3JTI5JTNCJTBBJTIwJTIwJTIwJTIwY2hhbmdlQnV0dG9uLmFkZEV2ZW50TGlzdGVuZXIlMjglMjdjbGljayUyNyUyQyUyMGZ1bmN0aW9uJTI4JTI5JTIwJTdCJTBBJTIwJTIwJTIwJTIwJTIwJTIwJTIwJTIwJTJGJTJGJTIwUyVDMyVBOWxlY3Rpb25uZXolMjB0b3VzJTIwbGVzJTIwJUMzJUE5bCVDMyVBOW1lbnRzJTIwcXVlJTIwdm91cyUyMHZvdWxleiUyMGJhc2N1bGVyJTIwYXZlYyUyMHVuZSUyMGNsYXNzZSUyMGNvbW11bmUlMEElMjAlMjAlMjAlMjAlMjAlMjAlMjAlMjB2YXIlMjBlbGVtZW50cyUyMCUzRCUyMGRvY3VtZW50LnF1ZXJ5U2VsZWN0b3JBbGwlMjglMjcub3V0ZXJfZHBhZ2UlMkMlMjAuY3VzdG9tLWJhY2tncm91bmQlMjclMjklM0IlMEElMjAlMjAlMjAlMjAlMjAlMjAlMjAlMjBlbGVtZW50cy5mb3JFYWNoJTI4ZnVuY3Rpb24lMjhlbCUyOSUyMCU3QiUwQSUyMCUyMCUyMCUyMCUyMCUyMCUyMCUyMCUyMCUyMCUyMCUyMGVsLmNsYXNzTGlzdC50b2dnbGUlMjglMjdhbHRlcm5hdGUtYmFja2dyb3VuZCUyNyUyOSUzQiUwQSUyMCUyMCUyMCUyMCUyMCUyMCUyMCUyMCU3RCUyOSUzQiUwQSUyMCUyMCUyMCUyMCU3RCUyOSUzQiUwQSU3RCUyOSUzQiUwQSUwQSUzQyUyRnNjcmlwdCUzRSUwQSUwQSUzQyUyMS0tJTIwU3R5bGVzJTIwb3B0aW9ubmVscyUyMGRpcmVjdGVtZW50JTIwZGFucyUyMGxhJTIwcGFnZSUyMCUyOGFqb3V0ZXIlMjBkYW5zJTIwbGElMjBzZWN0aW9uJTIwJTNDaGVhZCUzRSUyMHNpJTIwcG9zc2libGUlMjklMjAtLSUzRSUwQSUzQ3N0eWxlJTNFJTBBLm91dGVyX2RwYWdlJTJDJTIwLmN1c3RvbS1iYWNrZ3JvdW5kJTIwJTdCJTBBJTIwJTIwJTIwJTIwYmFja2dyb3VuZC1jb2xvciUzQSUyMCUyM0NCQkRCMCUzQiUyMCUyRiUyQSUyMENvdWxldXIlMjBkZSUyMGZvbmQlMjBwYXIlMjBkJUMzJUE5ZmF1dCUyMCUyQSUyRiUwQSUyMCUyMCUyMCUyMHBhZGRpbmclM0ElMjAwcHglM0IlMEElMjAlMjAlMjAlMjBtYXJnaW4tdG9wJTNBJTIwLTIwcHglM0IlMEElN0QlMEElMEEuYWx0ZXJuYXRlLWJhY2tncm91bmQlMjAlN0IlMEElMjAlMjAlMjAlMjBiYWNrZ3JvdW5kLWNvbG9yJTNBJTIwJTIzZmZmZmZmJTNCJTIwJTJGJTJBJTIwQ291bGV1ciUyMGRlJTIwZm9uZCUyMGFsdGVybmF0aWYlMjAlMkElMkYlMEElN0QlMEElMEElM0MlMkZzdHlsZSUzRSUwQQ==[\/vc_raw_html][\/vc_column][\/vc_row][vc_row full_width=\u00a0\u00bbstretch_row_content_no_spaces\u00a0\u00bb el_id=\u00a0\u00bbbarre-or\u00a0\u00bb][vc_column][vc_single_image image=\u00a0\u00bb2837&Prime; img_size=\u00a0\u00bbfull\u00a0\u00bb alignment=\u00a0\u00bbcenter\u00a0\u00bb][\/vc_column][\/vc_row][vc_row][vc_column][vc_column_text el_class=\u00a0\u00bbouter_dpage p\u00a0\u00bb] J&rsquo;ai la conviction que la performance d&rsquo;une entreprise r\u00e9side dans celle de ses \u00e9quipes et tout singuli\u00e8rement de ses employ\u00e9s ; c&rsquo;est pourquoi la formation, le d\u00e9veloppement des comp\u00e9tences et l&rsquo;\u00e9panouissement de mon personnel sont plac\u00e9s au c\u0153ur de mon action . [\/vc_column_text][\/vc_column][\/vc_row][vc_row full_width=\u00a0\u00bbstretch_row\u00a0\u00bb][vc_column][vc_wp_text] \u25b6 Son &hellip; <\/p>\n<p class=\"link-more\"><a href=\"https:\/\/espacefunerairearca.com\/index.php\/arca-a-vos-cotes\/\" class=\"more-link\">Continue reading<span class=\"screen-reader-text\"> \u00ab\u00a0Arca \u00e0 vos c\u00f4t\u00e9s\u00a0\u00bb<\/span><\/a><\/p>\n","protected":false},"author":1,"featured_media":0,"parent":0,"menu_order":0,"comment_status":"closed","ping_status":"closed","template":"","meta":{"footnotes":""},"class_list":["post-1251","page","type-page","status-publish","hentry"],"_links":{"self":[{"href":"https:\/\/espacefunerairearca.com\/index.php\/wp-json\/wp\/v2\/pages\/1251","targetHints":{"allow":["GET"]}}],"collection":[{"href":"https:\/\/espacefunerairearca.com\/index.php\/wp-json\/wp\/v2\/pages"}],"about":[{"href":"https:\/\/espacefunerairearca.com\/index.php\/wp-json\/wp\/v2\/types\/page"}],"author":[{"embeddable":true,"href":"https:\/\/espacefunerairearca.com\/index.php\/wp-json\/wp\/v2\/users\/1"}],"replies":[{"embeddable":true,"href":"https:\/\/espacefunerairearca.com\/index.php\/wp-json\/wp\/v2\/comments?post=1251"}],"version-history":[{"count":205,"href":"https:\/\/espacefunerairearca.com\/index.php\/wp-json\/wp\/v2\/pages\/1251\/revisions"}],"predecessor-version":[{"id":4518,"href":"https:\/\/espacefunerairearca.com\/index.php\/wp-json\/wp\/v2\/pages\/1251\/revisions\/4518"}],"wp:attachment":[{"href":"https:\/\/espacefunerairearca.com\/index.php\/wp-json\/wp\/v2\/media?parent=1251"}],"curies":[{"name":"wp","href":"https:\/\/api.w.org\/{rel}","templated":true}]}}