{"id":1248,"date":"2017-02-14T17:20:23","date_gmt":"2017-02-14T16:20:23","guid":{"rendered":"http:\/\/espacefunerairearca.com\/?page_id=1248"},"modified":"2025-01-28T15:19:58","modified_gmt":"2025-01-28T15:19:58","slug":"infos-pratiques","status":"publish","type":"page","link":"https:\/\/espacefunerairearca.com\/index.php\/infos-pratiques\/","title":{"rendered":"Infos pratiques"},"content":{"rendered":"<p>[vc_row][vc_column][vc_raw_html el_class=\u00a0\u00bbboutonback\u00a0\u00bb]JTNDYnV0dG9uJTIwaWQlM0QlMjJjaGFuZ2VCYWNrZ3JvdW5kJTIyJTIwY2xhc3MlM0QlMjJib3V0b25iYWNrJTIyJTNFQ2hhbmdlciUyMGRlJTIwZm9uZCUzQyUyRmJ1dHRvbiUzRSUwQSUwQSUzQ2RpdiUyMGNsYXNzJTNEJTIyb3V0ZXJfZHBhZ2UlMjIlM0UlM0MlMkZkaXYlM0UlMEElM0NwJTIwY2xhc3MlM0QlMjJjdXN0b20tYmFja2dyb3VuZCUyMiUzRSUzQyUyRnAlM0UlMEElMEElM0NzY3JpcHQlM0UlMEFkb2N1bWVudC5hZGRFdmVudExpc3RlbmVyJTI4JTI3RE9NQ29udGVudExvYWRlZCUyNyUyQyUyMGZ1bmN0aW9uJTI4JTI5JTIwJTdCJTBBJTIwJTIwJTIwJTIwdmFyJTIwY2hhbmdlQnV0dG9uJTIwJTNEJTIwZG9jdW1lbnQuZ2V0RWxlbWVudEJ5SWQlMjglMjdjaGFuZ2VCYWNrZ3JvdW5kJTI3JTI5JTNCJTBBJTIwJTIwJTIwJTIwY2hhbmdlQnV0dG9uLmFkZEV2ZW50TGlzdGVuZXIlMjglMjdjbGljayUyNyUyQyUyMGZ1bmN0aW9uJTI4JTI5JTIwJTdCJTBBJTIwJTIwJTIwJTIwJTIwJTIwJTIwJTIwJTJGJTJGJTIwUyVDMyVBOWxlY3Rpb25uZXolMjB0b3VzJTIwbGVzJTIwJUMzJUE5bCVDMyVBOW1lbnRzJTIwcXVlJTIwdm91cyUyMHZvdWxleiUyMGJhc2N1bGVyJTIwYXZlYyUyMHVuZSUyMGNsYXNzZSUyMGNvbW11bmUlMEElMjAlMjAlMjAlMjAlMjAlMjAlMjAlMjB2YXIlMjBlbGVtZW50cyUyMCUzRCUyMGRvY3VtZW50LnF1ZXJ5U2VsZWN0b3JBbGwlMjglMjcub3V0ZXJfZHBhZ2UlMkMlMjAuY3VzdG9tLWJhY2tncm91bmQlMjclMjklM0IlMEElMjAlMjAlMjAlMjAlMjAlMjAlMjAlMjBlbGVtZW50cy5mb3JFYWNoJTI4ZnVuY3Rpb24lMjhlbCUyOSUyMCU3QiUwQSUyMCUyMCUyMCUyMCUyMCUyMCUyMCUyMCUyMCUyMCUyMCUyMGVsLmNsYXNzTGlzdC50b2dnbGUlMjglMjdhbHRlcm5hdGUtYmFja2dyb3VuZCUyNyUyOSUzQiUwQSUyMCUyMCUyMCUyMCUyMCUyMCUyMCUyMCU3RCUyOSUzQiUwQSUyMCUyMCUyMCUyMCU3RCUyOSUzQiUwQSU3RCUyOSUzQiUwQSUwQSUzQyUyRnNjcmlwdCUzRSUwQSUwQSUzQyUyMS0tJTIwU3R5bGVzJTIwb3B0aW9ubmVscyUyMGRpcmVjdGVtZW50JTIwZGFucyUyMGxhJTIwcGFnZSUyMCUyOGFqb3V0ZXIlMjBkYW5zJTIwbGElMjBzZWN0aW9uJTIwJTNDaGVhZCUzRSUyMHNpJTIwcG9zc2libGUlMjklMjAtLSUzRSUwQSUzQ3N0eWxlJTNFJTBBLm91dGVyX2RwYWdlJTJDJTIwLmN1c3RvbS1iYWNrZ3JvdW5kJTIwJTdCJTBBJTIwJTIwJTIwJTIwYmFja2dyb3VuZC1jb2xvciUzQSUyMCUyM0NCQkRCMCUzQiUyMCUyRiUyQSUyMENvdWxldXIlMjBkZSUyMGZvbmQlMjBwYXIlMjBkJUMzJUE5ZmF1dCUyMCUyQSUyRiUwQSUyMCUyMCUyMCUyMHBhZGRpbmclM0ElMjAwcHglM0IlMEElMjAlMjAlMjAlMjBtYXJnaW4tdG9wJTNBJTIwLTIwcHglM0IlMEElN0QlMEElMEEuYWx0ZXJuYXRlLWJhY2tncm91bmQlMjAlN0IlMEElMjAlMjAlMjAlMjBiYWNrZ3JvdW5kLWNvbG9yJTNBJTIwJTIzZmZmZmZmJTNCJTIwJTJGJTJBJTIwQ291bGV1ciUyMGRlJTIwZm9uZCUyMGFsdGVybmF0aWYlMjAlMkElMkYlMEElN0QlMEElMEElM0MlMkZzdHlsZSUzRSUwQQ==[\/vc_raw_html][\/vc_column][\/vc_row][vc_row full_width=\u00a0\u00bbstretch_row_content_no_spaces\u00a0\u00bb el_id=\u00a0\u00bbbarre-or\u00a0\u00bb][vc_column][vc_single_image image=\u00a0\u00bb2837&Prime; img_size=\u00a0\u00bbmedium\u00a0\u00bb alignment=\u00a0\u00bbcenter\u00a0\u00bb][\/vc_column][\/vc_row][vc_row full_width=\u00a0\u00bbstretch_row_content_no_spaces\u00a0\u00bb][vc_column][vc_single_image image=\u00a0\u00bb3372&Prime; img_size=\u00a0\u00bblarge\u00a0\u00bb alignment=\u00a0\u00bbcenter\u00a0\u00bb style=\u00a0\u00bbvc_box_border\u00a0\u00bb onclick=\u00a0\u00bblink_image\u00a0\u00bb][vc_btn title=\u00a0\u00bbT\u00e9l\u00e9charger\u00a0\u00bb style=\u00a0\u00bbcustom\u00a0\u00bb custom_background=\u00a0\u00bb#4d4344&Prime; custom_text=\u00a0\u00bb#ffffff\u00a0\u00bb align=\u00a0\u00bbcenter\u00a0\u00bb i_icon_fontawesome=\u00a0\u00bbfas fa-folder-open\u00a0\u00bb add_icon=\u00a0\u00bbtrue\u00a0\u00bb custom_onclick=\u00a0\u00bbtrue\u00a0\u00bb link=\u00a0\u00bburl:https%3A%2F%2Fespacefunerairearca.com%2Fwp-content%2Fuploads%2F2024%2F05%2Finfospratiques-arca-704&#215;1024.jpg|target:_blank\u00a0\u00bb][vc_empty_space height=\u00a0\u00bb64px\u00a0\u00bb][\/vc_column][\/vc_row][vc_row full_width=\u00a0\u00bbstretch_row\u00a0\u00bb][vc_column][vc_empty_space][vc_column_text el_class=\u00a0\u00bbouter_dpage p\u00a0\u00bb]\u25b6 Fiche recto et verso en t\u00e9l\u00e9chargement, vous permettant si vous le souhaitez de faire part de vos observations et conseils, que vous pourrez adresser \u00e0 votre espace fun\u00e9raire ARCA.[\/vc_column_text][\/vc_column][\/vc_row][vc_row full_width=\u00a0\u00bbstretch_row\u00a0\u00bb][vc_column width=\u00a0\u00bb1\/2&Prime;][vc_single_image image=\u00a0\u00bb3384&Prime; img_size=\u00a0\u00bblarge\u00a0\u00bb onclick=\u00a0\u00bblink_image\u00a0\u00bb][vc_btn title=\u00a0\u00bbT\u00e9l\u00e9charger\u00a0\u00bb style=\u00a0\u00bbcustom\u00a0\u00bb custom_background=\u00a0\u00bb#494041&Prime; custom_text=\u00a0\u00bb#ffffff\u00a0\u00bb align=\u00a0\u00bbcenter\u00a0\u00bb i_icon_fontawesome=\u00a0\u00bbfas fa-folder-open\u00a0\u00bb add_icon=\u00a0\u00bbtrue\u00a0\u00bb custom_onclick=\u00a0\u00bbtrue\u00a0\u00bb link=\u00a0\u00bburl:https%3A%2F%2Fespacefunerairearca.com%2Fwp-content%2Fuploads%2F2024%2F05%2FARCAvotreEcoute15x21Recto-2.jpg|target:_blank\u00a0\u00bb][\/vc_column][vc_column width=\u00a0\u00bb1\/2&Prime;][vc_single_image image=\u00a0\u00bb3385&Prime; img_size=\u00a0\u00bblarge\u00a0\u00bb][vc_btn title=\u00a0\u00bbT\u00e9l\u00e9charger\u00a0\u00bb style=\u00a0\u00bbcustom\u00a0\u00bb custom_background=\u00a0\u00bb#494041&Prime; custom_text=\u00a0\u00bb#ffffff\u00a0\u00bb align=\u00a0\u00bbcenter\u00a0\u00bb i_icon_fontawesome=\u00a0\u00bbfas fa-folder-open\u00a0\u00bb add_icon=\u00a0\u00bbtrue\u00a0\u00bb custom_onclick=\u00a0\u00bbtrue\u00a0\u00bb link=\u00a0\u00bburl:https%3A%2F%2Fespacefunerairearca.com%2Fwp-content%2Fuploads%2F2024%2F05%2FARCAvotreEcoute15x21Verso-2.jpg|target:_blank\u00a0\u00bb][\/vc_column][\/vc_row][vc_row el_id=\u00a0\u00bbespace-reserve\u00a0\u00bb][vc_column width=\u00a0\u00bb1\/4&Prime;][\/vc_column][vc_column width=\u00a0\u00bb1\/2&Prime;][vc_column_text el_class=\u00a0\u00bbouter_dpage p\u00a0\u00bb]<\/p>\n<p style=\"text-align: center;\">Un espace qui vous est r\u00e9serv\u00e9 en m\u00e9moire du d\u00e9funt.<\/p>\n<p>[\/vc_column_text][vc_single_image image=\u00a0\u00bb4472&Prime; img_size=\u00a0\u00bbfull\u00a0\u00bb][vc_btn title=\u00a0\u00bbT\u00e9l\u00e9charger\u00a0\u00bb style=\u00a0\u00bbcustom\u00a0\u00bb custom_background=\u00a0\u00bb#494041&Prime; custom_text=\u00a0\u00bb#ffffff\u00a0\u00bb align=\u00a0\u00bbcenter\u00a0\u00bb i_icon_fontawesome=\u00a0\u00bbfas fa-folder-open\u00a0\u00bb add_icon=\u00a0\u00bbtrue\u00a0\u00bb custom_onclick=\u00a0\u00bbtrue\u00a0\u00bb link=\u00a0\u00bburl:https%3A%2F%2Fespacefunerairearca.com%2Fwp-content%2Fuploads%2F2025%2F01%2Fespace-reserve-en-memoire-du-defunt.jpg|target:_blank\u00a0\u00bb][\/vc_column][vc_column width=\u00a0\u00bb1\/4&Prime;][\/vc_column][\/vc_row][vc_row][vc_column][vc_single_image image=\u00a0\u00bb2837&Prime; img_size=\u00a0\u00bbfull\u00a0\u00bb alignment=\u00a0\u00bbcenter\u00a0\u00bb][\/vc_column][\/vc_row]<\/p>\n","protected":false},"excerpt":{"rendered":"<p>[vc_row][vc_column][vc_raw_html el_class=\u00a0\u00bbboutonback\u00a0\u00bb]JTNDYnV0dG9uJTIwaWQlM0QlMjJjaGFuZ2VCYWNrZ3JvdW5kJTIyJTIwY2xhc3MlM0QlMjJib3V0b25iYWNrJTIyJTNFQ2hhbmdlciUyMGRlJTIwZm9uZCUzQyUyRmJ1dHRvbiUzRSUwQSUwQSUzQ2RpdiUyMGNsYXNzJTNEJTIyb3V0ZXJfZHBhZ2UlMjIlM0UlM0MlMkZkaXYlM0UlMEElM0NwJTIwY2xhc3MlM0QlMjJjdXN0b20tYmFja2dyb3VuZCUyMiUzRSUzQyUyRnAlM0UlMEElMEElM0NzY3JpcHQlM0UlMEFkb2N1bWVudC5hZGRFdmVudExpc3RlbmVyJTI4JTI3RE9NQ29udGVudExvYWRlZCUyNyUyQyUyMGZ1bmN0aW9uJTI4JTI5JTIwJTdCJTBBJTIwJTIwJTIwJTIwdmFyJTIwY2hhbmdlQnV0dG9uJTIwJTNEJTIwZG9jdW1lbnQuZ2V0RWxlbWVudEJ5SWQlMjglMjdjaGFuZ2VCYWNrZ3JvdW5kJTI3JTI5JTNCJTBBJTIwJTIwJTIwJTIwY2hhbmdlQnV0dG9uLmFkZEV2ZW50TGlzdGVuZXIlMjglMjdjbGljayUyNyUyQyUyMGZ1bmN0aW9uJTI4JTI5JTIwJTdCJTBBJTIwJTIwJTIwJTIwJTIwJTIwJTIwJTIwJTJGJTJGJTIwUyVDMyVBOWxlY3Rpb25uZXolMjB0b3VzJTIwbGVzJTIwJUMzJUE5bCVDMyVBOW1lbnRzJTIwcXVlJTIwdm91cyUyMHZvdWxleiUyMGJhc2N1bGVyJTIwYXZlYyUyMHVuZSUyMGNsYXNzZSUyMGNvbW11bmUlMEElMjAlMjAlMjAlMjAlMjAlMjAlMjAlMjB2YXIlMjBlbGVtZW50cyUyMCUzRCUyMGRvY3VtZW50LnF1ZXJ5U2VsZWN0b3JBbGwlMjglMjcub3V0ZXJfZHBhZ2UlMkMlMjAuY3VzdG9tLWJhY2tncm91bmQlMjclMjklM0IlMEElMjAlMjAlMjAlMjAlMjAlMjAlMjAlMjBlbGVtZW50cy5mb3JFYWNoJTI4ZnVuY3Rpb24lMjhlbCUyOSUyMCU3QiUwQSUyMCUyMCUyMCUyMCUyMCUyMCUyMCUyMCUyMCUyMCUyMCUyMGVsLmNsYXNzTGlzdC50b2dnbGUlMjglMjdhbHRlcm5hdGUtYmFja2dyb3VuZCUyNyUyOSUzQiUwQSUyMCUyMCUyMCUyMCUyMCUyMCUyMCUyMCU3RCUyOSUzQiUwQSUyMCUyMCUyMCUyMCU3RCUyOSUzQiUwQSU3RCUyOSUzQiUwQSUwQSUzQyUyRnNjcmlwdCUzRSUwQSUwQSUzQyUyMS0tJTIwU3R5bGVzJTIwb3B0aW9ubmVscyUyMGRpcmVjdGVtZW50JTIwZGFucyUyMGxhJTIwcGFnZSUyMCUyOGFqb3V0ZXIlMjBkYW5zJTIwbGElMjBzZWN0aW9uJTIwJTNDaGVhZCUzRSUyMHNpJTIwcG9zc2libGUlMjklMjAtLSUzRSUwQSUzQ3N0eWxlJTNFJTBBLm91dGVyX2RwYWdlJTJDJTIwLmN1c3RvbS1iYWNrZ3JvdW5kJTIwJTdCJTBBJTIwJTIwJTIwJTIwYmFja2dyb3VuZC1jb2xvciUzQSUyMCUyM0NCQkRCMCUzQiUyMCUyRiUyQSUyMENvdWxldXIlMjBkZSUyMGZvbmQlMjBwYXIlMjBkJUMzJUE5ZmF1dCUyMCUyQSUyRiUwQSUyMCUyMCUyMCUyMHBhZGRpbmclM0ElMjAwcHglM0IlMEElMjAlMjAlMjAlMjBtYXJnaW4tdG9wJTNBJTIwLTIwcHglM0IlMEElN0QlMEElMEEuYWx0ZXJuYXRlLWJhY2tncm91bmQlMjAlN0IlMEElMjAlMjAlMjAlMjBiYWNrZ3JvdW5kLWNvbG9yJTNBJTIwJTIzZmZmZmZmJTNCJTIwJTJGJTJBJTIwQ291bGV1ciUyMGRlJTIwZm9uZCUyMGFsdGVybmF0aWYlMjAlMkElMkYlMEElN0QlMEElMEElM0MlMkZzdHlsZSUzRSUwQQ==[\/vc_raw_html][\/vc_column][\/vc_row][vc_row full_width=\u00a0\u00bbstretch_row_content_no_spaces\u00a0\u00bb el_id=\u00a0\u00bbbarre-or\u00a0\u00bb][vc_column][vc_single_image image=\u00a0\u00bb2837&Prime; img_size=\u00a0\u00bbmedium\u00a0\u00bb alignment=\u00a0\u00bbcenter\u00a0\u00bb][\/vc_column][\/vc_row][vc_row full_width=\u00a0\u00bbstretch_row_content_no_spaces\u00a0\u00bb][vc_column][vc_single_image image=\u00a0\u00bb3372&Prime; img_size=\u00a0\u00bblarge\u00a0\u00bb alignment=\u00a0\u00bbcenter\u00a0\u00bb style=\u00a0\u00bbvc_box_border\u00a0\u00bb onclick=\u00a0\u00bblink_image\u00a0\u00bb][vc_btn title=\u00a0\u00bbT\u00e9l\u00e9charger\u00a0\u00bb style=\u00a0\u00bbcustom\u00a0\u00bb custom_background=\u00a0\u00bb#4d4344&Prime; custom_text=\u00a0\u00bb#ffffff\u00a0\u00bb align=\u00a0\u00bbcenter\u00a0\u00bb i_icon_fontawesome=\u00a0\u00bbfas fa-folder-open\u00a0\u00bb add_icon=\u00a0\u00bbtrue\u00a0\u00bb custom_onclick=\u00a0\u00bbtrue\u00a0\u00bb link=\u00a0\u00bburl:https%3A%2F%2Fespacefunerairearca.com%2Fwp-content%2Fuploads%2F2024%2F05%2Finfospratiques-arca-704&#215;1024.jpg|target:_blank\u00a0\u00bb][vc_empty_space height=\u00a0\u00bb64px\u00a0\u00bb][\/vc_column][\/vc_row][vc_row full_width=\u00a0\u00bbstretch_row\u00a0\u00bb][vc_column][vc_empty_space][vc_column_text el_class=\u00a0\u00bbouter_dpage p\u00a0\u00bb]\u25b6 Fiche recto et verso en t\u00e9l\u00e9chargement, vous permettant si vous le souhaitez de faire part de vos observations et conseils, que vous pourrez adresser \u00e0 votre espace fun\u00e9raire &hellip; <\/p>\n<p class=\"link-more\"><a href=\"https:\/\/espacefunerairearca.com\/index.php\/infos-pratiques\/\" class=\"more-link\">Continue reading<span class=\"screen-reader-text\"> \u00ab\u00a0Infos pratiques\u00a0\u00bb<\/span><\/a><\/p>\n","protected":false},"author":1,"featured_media":0,"parent":0,"menu_order":0,"comment_status":"closed","ping_status":"closed","template":"","meta":{"footnotes":""},"class_list":["post-1248","page","type-page","status-publish","hentry"],"_links":{"self":[{"href":"https:\/\/espacefunerairearca.com\/index.php\/wp-json\/wp\/v2\/pages\/1248","targetHints":{"allow":["GET"]}}],"collection":[{"href":"https:\/\/espacefunerairearca.com\/index.php\/wp-json\/wp\/v2\/pages"}],"about":[{"href":"https:\/\/espacefunerairearca.com\/index.php\/wp-json\/wp\/v2\/types\/page"}],"author":[{"embeddable":true,"href":"https:\/\/espacefunerairearca.com\/index.php\/wp-json\/wp\/v2\/users\/1"}],"replies":[{"embeddable":true,"href":"https:\/\/espacefunerairearca.com\/index.php\/wp-json\/wp\/v2\/comments?post=1248"}],"version-history":[{"count":61,"href":"https:\/\/espacefunerairearca.com\/index.php\/wp-json\/wp\/v2\/pages\/1248\/revisions"}],"predecessor-version":[{"id":4474,"href":"https:\/\/espacefunerairearca.com\/index.php\/wp-json\/wp\/v2\/pages\/1248\/revisions\/4474"}],"wp:attachment":[{"href":"https:\/\/espacefunerairearca.com\/index.php\/wp-json\/wp\/v2\/media?parent=1248"}],"curies":[{"name":"wp","href":"https:\/\/api.w.org\/{rel}","templated":true}]}}